{"id":25679,"date":"2025-11-07T23:18:38","date_gmt":"2025-11-07T22:18:38","guid":{"rendered":"https:\/\/www.ernstbrunn-apotheke.at\/katalog\/produkt\/ph-antitranspirant-fuss-50-ml-creme\/"},"modified":"2025-12-08T14:47:41","modified_gmt":"2025-12-08T13:47:41","slug":"ph-antitranspirant-fuss-50-ml-creme","status":"publish","type":"product","link":"https:\/\/www.ernstbrunn-apotheke.at\/katalog\/produkt\/ph-antitranspirant-fuss-50-ml-creme\/","title":{"rendered":"ph-Antitranspirant Fu\u00df 50 ml Creme"},"content":{"rendered":"<p>ph-Antitranspirant Fu\u00dfcreme reduziert \u00fcberm\u00e4\u00dfige Schwei\u00dfbildung und sch\u00fctzt zuverl\u00e4ssig vor K\u00f6rpergeruch und h\u00e4sslichen Schwei\u00dfflecken. Er hinterl\u00e4sst keine Spuren auf der Kleidung. 24 Stunden starker Deoschutz mit nur einer Anwendung pro Tag.<\/p>\n","protected":false},"excerpt":{"rendered":"<p>ph-Antitranspirant Fu\u00dfcreme reduziert \u00fcberm\u00e4\u00dfige Schwei\u00dfbildung und sch\u00fctzt zuverl\u00e4ssig vor K\u00f6rpergeruch und h\u00e4sslichen Schwei\u00dfflecken. Er hinterl\u00e4sst keine Spuren auf der Kleidung. 24 Stunden starker Deoschutz mit nur einer Anwendung pro Tag.<\/p>\n","protected":false},"featured_media":25681,"template":"","meta":{"_acf_changed":false},"product_brand":[678],"product_cat":[793],"product_tag":[],"class_list":{"0":"post-25679","1":"product","2":"type-product","3":"status-publish","4":"has-post-thumbnail","6":"product_brand-ph-anti-transpirant","7":"product_cat-p","8":"pa_packungsgroesse-50ml","10":"first","11":"instock","12":"shipping-taxable","13":"purchasable","14":"product-type-simple"},"acf":[],"_links":{"self":[{"href":"https:\/\/www.ernstbrunn-apotheke.at\/katalog\/wp-json\/wp\/v2\/product\/25679","targetHints":{"allow":["GET"]}}],"collection":[{"href":"https:\/\/www.ernstbrunn-apotheke.at\/katalog\/wp-json\/wp\/v2\/product"}],"about":[{"href":"https:\/\/www.ernstbrunn-apotheke.at\/katalog\/wp-json\/wp\/v2\/types\/product"}],"wp:featuredmedia":[{"embeddable":true,"href":"https:\/\/www.ernstbrunn-apotheke.at\/katalog\/wp-json\/wp\/v2\/media\/25681"}],"wp:attachment":[{"href":"https:\/\/www.ernstbrunn-apotheke.at\/katalog\/wp-json\/wp\/v2\/media?parent=25679"}],"wp:term":[{"taxonomy":"product_brand","embeddable":true,"href":"https:\/\/www.ernstbrunn-apotheke.at\/katalog\/wp-json\/wp\/v2\/product_brand?post=25679"},{"taxonomy":"product_cat","embeddable":true,"href":"https:\/\/www.ernstbrunn-apotheke.at\/katalog\/wp-json\/wp\/v2\/product_cat?post=25679"},{"taxonomy":"product_tag","embeddable":true,"href":"https:\/\/www.ernstbrunn-apotheke.at\/katalog\/wp-json\/wp\/v2\/product_tag?post=25679"}],"curies":[{"name":"wp","href":"https:\/\/api.w.org\/{rel}","templated":true}]}}