{"id":25661,"date":"2025-11-07T23:17:41","date_gmt":"2025-11-07T22:17:41","guid":{"rendered":"https:\/\/www.ernstbrunn-apotheke.at\/katalog\/produkt\/louis-widmer-carbamid-creme-12-50-ml\/"},"modified":"2025-12-08T14:47:36","modified_gmt":"2025-12-08T13:47:36","slug":"louis-widmer-carbamid-creme-12-50-ml","status":"publish","type":"product","link":"https:\/\/www.ernstbrunn-apotheke.at\/katalog\/produkt\/louis-widmer-carbamid-creme-12-50-ml\/","title":{"rendered":"Louis Widmer Carbamid Creme 12% 50 ml"},"content":{"rendered":"<p>Louis Widmer Carbamid Creme 12% wurde speziell entwickelt f\u00fcr trockene, raue und spr\u00f6de Haut, Verhornungen an H\u00e4nden und F\u00fc\u00dfen und raue Ellbogen und Knie. Carbamid (Urea) bewirkt ein Erweichen und Abschuppen der verhornten Haut. Es erh\u00f6ht das Wasserbindeverm\u00f6gen der Haut und ist leicht antiseptisch. Die tief eindringende W\/O Emulsion sch\u00fctzt und pflegt die Haut. Bei regelm\u00e4ssiger Anwendung wird die Haut wieder weich und geschmeidig.<\/p>\n","protected":false},"excerpt":{"rendered":"<p>Louis Widmer Carbamid Creme 12% wurde speziell entwickelt f\u00fcr trockene, raue und spr\u00f6de Haut, Verhornungen an H\u00e4nden und F\u00fc\u00dfen und raue Ellbogen und Knie. Carbamid (Urea) bewirkt ein Erweichen und Abschuppen der verhornten Haut. Es erh\u00f6ht das Wasserbindeverm\u00f6gen der Haut und ist leicht antiseptisch. Die tief eindringende W\/O Emulsion sch\u00fctzt und pflegt die Haut. Bei [&hellip;]<\/p>\n","protected":false},"featured_media":25663,"template":"","meta":{"_acf_changed":false},"product_brand":[676],"product_cat":[795],"product_tag":[],"class_list":{"0":"post-25661","1":"product","2":"type-product","3":"status-publish","4":"has-post-thumbnail","6":"product_brand-louis-widmer","7":"product_cat-l","8":"pa_packungsgroesse-50ml","10":"first","11":"instock","12":"shipping-taxable","13":"purchasable","14":"product-type-simple"},"acf":[],"_links":{"self":[{"href":"https:\/\/www.ernstbrunn-apotheke.at\/katalog\/wp-json\/wp\/v2\/product\/25661","targetHints":{"allow":["GET"]}}],"collection":[{"href":"https:\/\/www.ernstbrunn-apotheke.at\/katalog\/wp-json\/wp\/v2\/product"}],"about":[{"href":"https:\/\/www.ernstbrunn-apotheke.at\/katalog\/wp-json\/wp\/v2\/types\/product"}],"wp:featuredmedia":[{"embeddable":true,"href":"https:\/\/www.ernstbrunn-apotheke.at\/katalog\/wp-json\/wp\/v2\/media\/25663"}],"wp:attachment":[{"href":"https:\/\/www.ernstbrunn-apotheke.at\/katalog\/wp-json\/wp\/v2\/media?parent=25661"}],"wp:term":[{"taxonomy":"product_brand","embeddable":true,"href":"https:\/\/www.ernstbrunn-apotheke.at\/katalog\/wp-json\/wp\/v2\/product_brand?post=25661"},{"taxonomy":"product_cat","embeddable":true,"href":"https:\/\/www.ernstbrunn-apotheke.at\/katalog\/wp-json\/wp\/v2\/product_cat?post=25661"},{"taxonomy":"product_tag","embeddable":true,"href":"https:\/\/www.ernstbrunn-apotheke.at\/katalog\/wp-json\/wp\/v2\/product_tag?post=25661"}],"curies":[{"name":"wp","href":"https:\/\/api.w.org\/{rel}","templated":true}]}}