{"id":25658,"date":"2025-11-07T23:17:41","date_gmt":"2025-11-07T22:17:41","guid":{"rendered":"https:\/\/www.ernstbrunn-apotheke.at\/katalog\/produkt\/linola-hand-75-ml\/"},"modified":"2025-12-08T14:47:35","modified_gmt":"2025-12-08T13:47:35","slug":"linola-hand-75-ml","status":"publish","type":"product","link":"https:\/\/www.ernstbrunn-apotheke.at\/katalog\/produkt\/linola-hand-75-ml\/","title":{"rendered":"Linola Hand 75 ml"},"content":{"rendered":"<p><strong>Linola Hand &#8211; Handcreme mit wertvollen Linols\u00e4uren f\u00fcr die t\u00e4gliche Pflege trockener, rauer oder rissiger H\u00e4nde<\/strong><br \/>Linola Hand wurde speziell f\u00fcr die Anforderungen der t\u00e4glichen Pflege strapazierter H\u00e4nde entwickelt. Vorhandene Fett- und Feuchtigkeitsdefizite der Haut werden ausgeglichen. Die Linols\u00e4ure stabilisiert die nat\u00fcrliche Hautschutzbarriere und f\u00f6rdert den Erholungsprozess der Haut. Die Hautelastizit\u00e4t wird sp\u00fcrbar gebessert, ohne die Haut zu \u00fcberfetten oder ein klebriges Gef\u00fchl zu hinterlassen.<\/p>\n<p>&#13;<\/p>\n<p><strong>Produkt auf einen Blick:<\/strong><\/p>\n<p>&#13;<\/p>\n<ul>&#13;<\/p>\n<li>F\u00f6rdert die Hautgeneration, ohne die Haut zu \u00fcberfetten oder ein klebriges Hautgef\u00fchl an den H\u00e4nden zu hinterlassen<\/li>\n<p>&#13;<\/p>\n<li>Zieht schnell ein und hilft strapazierten, rauen, rissigen und trockenen H\u00e4nden<\/li>\n<p>&#13;<\/p>\n<li>Lipide &amp; Glycerin reduzieren Hautspannungen<\/li>\n<p>&#13;<\/p>\n<li>Auch bei Neigung zu Neurodermitis geeignet<\/li>\n<p>&#13;<\/p>\n<li>Ohne Konservierungsstoffe, Mineral\u00f6le, Silikone und Mikroplastik<\/li>\n<p>&#13;\n<\/ul>\n<p>&#13;<\/p>\n<p><strong>Handpflege f\u00fcr sehr trockene und rissige H\u00e4nde<\/strong><br \/>Gerade die Haut der H\u00e4nde ist vielf\u00e4ltigen Belastungen ausgesetzt. Wird sie durch K\u00e4lte, Hitze, N\u00e4sse und den Kontakt mit chemischen Substanzen \u00fcberlastet, wird sie nicht nur trocken, sondern unangenehm rau und rissig.<br \/>Daher enth\u00e4lt Linola Hand wertvolle Linols\u00e4uren in einer leichten Formulierung, um die Regenerationsf\u00e4higkeit der Haut zu unterst\u00fctzen. Diese spezielle Fetts\u00e4ure ist f\u00fcr die Barriere der gesunden Haut unbedingt notwendig. Der K\u00f6rper kann Linols\u00e4ure jedoch nicht selbst herstellen. Daher muss sie der Haut wie ein Vitamin regelm\u00e4\u00dfig zugef\u00fchrt werden. Die Handcreme ist geruchsneutral und zieht dank ihrer Formulierung als \u00d6l-in-Wasser-Emulsion schnell ein und<br \/>hinterl\u00e4sst kein klebriges Hautgef\u00fchl.<\/p>\n","protected":false},"excerpt":{"rendered":"<p>Linola Hand &#8211; Handcreme mit wertvollen Linols\u00e4uren f\u00fcr die t\u00e4gliche Pflege trockener, rauer oder rissiger H\u00e4ndeLinola Hand wurde speziell f\u00fcr die Anforderungen der t\u00e4glichen Pflege strapazierter H\u00e4nde entwickelt. Vorhandene Fett- und Feuchtigkeitsdefizite der Haut werden ausgeglichen. Die Linols\u00e4ure stabilisiert die nat\u00fcrliche Hautschutzbarriere und f\u00f6rdert den Erholungsprozess der Haut. Die Hautelastizit\u00e4t wird sp\u00fcrbar gebessert, ohne die [&hellip;]<\/p>\n","protected":false},"featured_media":25660,"template":"","meta":{"_acf_changed":false},"product_brand":[686],"product_cat":[795],"product_tag":[],"class_list":{"0":"post-25658","1":"product","2":"type-product","3":"status-publish","4":"has-post-thumbnail","6":"product_brand-linola","7":"product_cat-l","8":"pa_packungsgroesse-75ml","10":"first","11":"instock","12":"shipping-taxable","13":"purchasable","14":"product-type-simple"},"acf":[],"_links":{"self":[{"href":"https:\/\/www.ernstbrunn-apotheke.at\/katalog\/wp-json\/wp\/v2\/product\/25658","targetHints":{"allow":["GET"]}}],"collection":[{"href":"https:\/\/www.ernstbrunn-apotheke.at\/katalog\/wp-json\/wp\/v2\/product"}],"about":[{"href":"https:\/\/www.ernstbrunn-apotheke.at\/katalog\/wp-json\/wp\/v2\/types\/product"}],"wp:featuredmedia":[{"embeddable":true,"href":"https:\/\/www.ernstbrunn-apotheke.at\/katalog\/wp-json\/wp\/v2\/media\/25660"}],"wp:attachment":[{"href":"https:\/\/www.ernstbrunn-apotheke.at\/katalog\/wp-json\/wp\/v2\/media?parent=25658"}],"wp:term":[{"taxonomy":"product_brand","embeddable":true,"href":"https:\/\/www.ernstbrunn-apotheke.at\/katalog\/wp-json\/wp\/v2\/product_brand?post=25658"},{"taxonomy":"product_cat","embeddable":true,"href":"https:\/\/www.ernstbrunn-apotheke.at\/katalog\/wp-json\/wp\/v2\/product_cat?post=25658"},{"taxonomy":"product_tag","embeddable":true,"href":"https:\/\/www.ernstbrunn-apotheke.at\/katalog\/wp-json\/wp\/v2\/product_tag?post=25658"}],"curies":[{"name":"wp","href":"https:\/\/api.w.org\/{rel}","templated":true}]}}