{"id":25618,"date":"2025-11-07T23:17:41","date_gmt":"2025-11-07T22:17:41","guid":{"rendered":"https:\/\/www.ernstbrunn-apotheke.at\/katalog\/produkt\/raylex-stift-1-stk\/"},"modified":"2025-12-08T14:47:22","modified_gmt":"2025-12-08T13:47:22","slug":"raylex-stift-1-stk","status":"publish","type":"product","link":"https:\/\/www.ernstbrunn-apotheke.at\/katalog\/produkt\/raylex-stift-1-stk\/","title":{"rendered":"Raylex Stift 1 Stk."},"content":{"rendered":"<p>Raylex Stift \u2013 Wenn Sie mit dem N\u00e4gelbei\u00dfen aufh\u00f6ren wollen, schaffen Sie es in diesem Fall einfach durch Abschlecken der Finger, denn Raylex schmeckt nach bitteren Grapefruitschalen. Es enth\u00e4lt eine einzigartige Kombination aus Zitrusfruchtextrakt und Denatonium, das laut Guinness Buch der Rekorde die bitterste Substanz der Welt ist und damit das ideale Mittel, um Ihnen das N\u00e4gelbei\u00dfen abzugew\u00f6hnen. Dringt nicht in den Nagel ein, unterst\u00fctzt das Nagelwachstum, gl\u00e4nzt nicht, bitterer Geschmack nur f\u00fcr kurze Zeit, einfach in der Anwendung, schnell sichtbare Resultate.<\/p>\n","protected":false},"excerpt":{"rendered":"<p>Raylex Stift \u2013 Wenn Sie mit dem N\u00e4gelbei\u00dfen aufh\u00f6ren wollen, schaffen Sie es in diesem Fall einfach durch Abschlecken der Finger, denn Raylex schmeckt nach bitteren Grapefruitschalen. Es enth\u00e4lt eine einzigartige Kombination aus Zitrusfruchtextrakt und Denatonium, das laut Guinness Buch der Rekorde die bitterste Substanz der Welt ist und damit das ideale Mittel, um Ihnen [&hellip;]<\/p>\n","protected":false},"featured_media":25620,"template":"","meta":{"_acf_changed":false},"product_brand":[],"product_cat":[808],"product_tag":[],"class_list":{"0":"post-25618","1":"product","2":"type-product","3":"status-publish","4":"has-post-thumbnail","6":"product_cat-r","7":"pa_geschmack-bitter","8":"pa_packungsgroesse-1-stueck","10":"first","11":"instock","12":"shipping-taxable","13":"purchasable","14":"product-type-simple"},"acf":[],"_links":{"self":[{"href":"https:\/\/www.ernstbrunn-apotheke.at\/katalog\/wp-json\/wp\/v2\/product\/25618","targetHints":{"allow":["GET"]}}],"collection":[{"href":"https:\/\/www.ernstbrunn-apotheke.at\/katalog\/wp-json\/wp\/v2\/product"}],"about":[{"href":"https:\/\/www.ernstbrunn-apotheke.at\/katalog\/wp-json\/wp\/v2\/types\/product"}],"wp:featuredmedia":[{"embeddable":true,"href":"https:\/\/www.ernstbrunn-apotheke.at\/katalog\/wp-json\/wp\/v2\/media\/25620"}],"wp:attachment":[{"href":"https:\/\/www.ernstbrunn-apotheke.at\/katalog\/wp-json\/wp\/v2\/media?parent=25618"}],"wp:term":[{"taxonomy":"product_brand","embeddable":true,"href":"https:\/\/www.ernstbrunn-apotheke.at\/katalog\/wp-json\/wp\/v2\/product_brand?post=25618"},{"taxonomy":"product_cat","embeddable":true,"href":"https:\/\/www.ernstbrunn-apotheke.at\/katalog\/wp-json\/wp\/v2\/product_cat?post=25618"},{"taxonomy":"product_tag","embeddable":true,"href":"https:\/\/www.ernstbrunn-apotheke.at\/katalog\/wp-json\/wp\/v2\/product_tag?post=25618"}],"curies":[{"name":"wp","href":"https:\/\/api.w.org\/{rel}","templated":true}]}}