{"id":25597,"date":"2025-11-07T23:16:32","date_gmt":"2025-11-07T22:16:32","guid":{"rendered":"https:\/\/www.ernstbrunn-apotheke.at\/katalog\/produkt\/burgit-huehneraugen-pflaster-6-stk\/"},"modified":"2025-12-08T14:47:14","modified_gmt":"2025-12-08T13:47:14","slug":"burgit-huehneraugen-pflaster-6-stk","status":"publish","type":"product","link":"https:\/\/www.ernstbrunn-apotheke.at\/katalog\/produkt\/burgit-huehneraugen-pflaster-6-stk\/","title":{"rendered":"Burgit H\u00fchneraugen Pflaster 6 Stk."},"content":{"rendered":"<p>Burgit H\u00fchneraugen Pflaster ist ein selbstklebendes Pflaster in Einzelbeuteln f\u00fcr die \u00f6rtliche Behandlung von Hornhaut, H\u00fchneraugen und Schwielen. Das klebende Tr\u00e4germaterial h\u00e4lt das Pflaster an Ort und Stelle. Der Schutzring gew\u00e4hrleistet einen guten Tragekomfort und verhindert Reibung. Die Salizyls\u00e4ure wirkt auf die Hornhaut.<\/p>\n","protected":false},"excerpt":{"rendered":"<p>Burgit H\u00fchneraugen Pflaster ist ein selbstklebendes Pflaster in Einzelbeuteln f\u00fcr die \u00f6rtliche Behandlung von Hornhaut, H\u00fchneraugen und Schwielen. Das klebende Tr\u00e4germaterial h\u00e4lt das Pflaster an Ort und Stelle. Der Schutzring gew\u00e4hrleistet einen guten Tragekomfort und verhindert Reibung. Die Salizyls\u00e4ure wirkt auf die Hornhaut.<\/p>\n","protected":false},"featured_media":25599,"template":"","meta":{"_acf_changed":false},"product_brand":[739],"product_cat":[802],"product_tag":[],"class_list":{"0":"post-25597","1":"product","2":"type-product","3":"status-publish","4":"has-post-thumbnail","6":"product_brand-burgit","7":"product_cat-b","8":"pa_packungsgroesse-6-stueck","10":"first","11":"instock","12":"shipping-taxable","13":"purchasable","14":"product-type-simple"},"acf":[],"_links":{"self":[{"href":"https:\/\/www.ernstbrunn-apotheke.at\/katalog\/wp-json\/wp\/v2\/product\/25597","targetHints":{"allow":["GET"]}}],"collection":[{"href":"https:\/\/www.ernstbrunn-apotheke.at\/katalog\/wp-json\/wp\/v2\/product"}],"about":[{"href":"https:\/\/www.ernstbrunn-apotheke.at\/katalog\/wp-json\/wp\/v2\/types\/product"}],"wp:featuredmedia":[{"embeddable":true,"href":"https:\/\/www.ernstbrunn-apotheke.at\/katalog\/wp-json\/wp\/v2\/media\/25599"}],"wp:attachment":[{"href":"https:\/\/www.ernstbrunn-apotheke.at\/katalog\/wp-json\/wp\/v2\/media?parent=25597"}],"wp:term":[{"taxonomy":"product_brand","embeddable":true,"href":"https:\/\/www.ernstbrunn-apotheke.at\/katalog\/wp-json\/wp\/v2\/product_brand?post=25597"},{"taxonomy":"product_cat","embeddable":true,"href":"https:\/\/www.ernstbrunn-apotheke.at\/katalog\/wp-json\/wp\/v2\/product_cat?post=25597"},{"taxonomy":"product_tag","embeddable":true,"href":"https:\/\/www.ernstbrunn-apotheke.at\/katalog\/wp-json\/wp\/v2\/product_tag?post=25597"}],"curies":[{"name":"wp","href":"https:\/\/api.w.org\/{rel}","templated":true}]}}