{"id":25541,"date":"2025-11-07T23:15:38","date_gmt":"2025-11-07T22:15:38","guid":{"rendered":"https:\/\/www.ernstbrunn-apotheke.at\/katalog\/produkt\/gehwol-med-lipidro-creme-125-ml\/"},"modified":"2025-12-08T14:47:03","modified_gmt":"2025-12-08T13:47:03","slug":"gehwol-med-lipidro-creme-125-ml","status":"publish","type":"product","link":"https:\/\/www.ernstbrunn-apotheke.at\/katalog\/produkt\/gehwol-med-lipidro-creme-125-ml\/","title":{"rendered":"Gehwol Med. Lipidro Creme 125 ml"},"content":{"rendered":"<p>Die hochwertigen Inhaltsstoffe gleichen den Mangel an Lipiden sowie Feuchtigkeit aus und bringen die Schutzfunktion der Haut ins nat\u00fcrliche Gleichgewicht. Harnstoff bindet Wasser in tieferen Hautschichten. Hornhaut wird erweicht und \u00fcberm\u00e4\u00dfige Neubildung reduziert. Sanddorn\u00f6l und Avocado\u00f6l mit einem hohen Anteil an unges\u00e4ttigten Fetts\u00e4uren f\u00fchren trockener Haut fehlende Lipide wieder zu und vermindern so den Wasserverlust durch Verdunstung. Unterst\u00fctzt wird diese Funktion durch einen speziellen Algenextrakt. Allantoin, ein Inhaltsstoff der Rosskastanie, f\u00f6rdert die Regeneration der Haut. Farnesol wirkt antibakteriell und desodorierend. T\u00e4gliche Anwendung von GEHWOL med Lipidro Creme sch\u00fctzt vor Fu\u00dfgeruch, Fu\u00dfpilz und wirkt entz\u00fcndungshemmend. .<\/p>\n","protected":false},"excerpt":{"rendered":"<p>Die hochwertigen Inhaltsstoffe gleichen den Mangel an Lipiden sowie Feuchtigkeit aus und bringen die Schutzfunktion der Haut ins nat\u00fcrliche Gleichgewicht. Harnstoff bindet Wasser in tieferen Hautschichten. Hornhaut wird erweicht und \u00fcberm\u00e4\u00dfige Neubildung reduziert. Sanddorn\u00f6l und Avocado\u00f6l mit einem hohen Anteil an unges\u00e4ttigten Fetts\u00e4uren f\u00fchren trockener Haut fehlende Lipide wieder zu und vermindern so den Wasserverlust [&hellip;]<\/p>\n","protected":false},"featured_media":25543,"template":"","meta":{"_acf_changed":false},"product_brand":[320],"product_cat":[810],"product_tag":[],"class_list":{"0":"post-25541","1":"product","2":"type-product","3":"status-publish","4":"has-post-thumbnail","6":"product_brand-gehwol","7":"product_cat-g","8":"pa_packungsgroesse-125ml","10":"first","11":"instock","12":"shipping-taxable","13":"purchasable","14":"product-type-simple"},"acf":[],"_links":{"self":[{"href":"https:\/\/www.ernstbrunn-apotheke.at\/katalog\/wp-json\/wp\/v2\/product\/25541","targetHints":{"allow":["GET"]}}],"collection":[{"href":"https:\/\/www.ernstbrunn-apotheke.at\/katalog\/wp-json\/wp\/v2\/product"}],"about":[{"href":"https:\/\/www.ernstbrunn-apotheke.at\/katalog\/wp-json\/wp\/v2\/types\/product"}],"wp:featuredmedia":[{"embeddable":true,"href":"https:\/\/www.ernstbrunn-apotheke.at\/katalog\/wp-json\/wp\/v2\/media\/25543"}],"wp:attachment":[{"href":"https:\/\/www.ernstbrunn-apotheke.at\/katalog\/wp-json\/wp\/v2\/media?parent=25541"}],"wp:term":[{"taxonomy":"product_brand","embeddable":true,"href":"https:\/\/www.ernstbrunn-apotheke.at\/katalog\/wp-json\/wp\/v2\/product_brand?post=25541"},{"taxonomy":"product_cat","embeddable":true,"href":"https:\/\/www.ernstbrunn-apotheke.at\/katalog\/wp-json\/wp\/v2\/product_cat?post=25541"},{"taxonomy":"product_tag","embeddable":true,"href":"https:\/\/www.ernstbrunn-apotheke.at\/katalog\/wp-json\/wp\/v2\/product_tag?post=25541"}],"curies":[{"name":"wp","href":"https:\/\/api.w.org\/{rel}","templated":true}]}}