{"id":25409,"date":"2025-11-07T23:13:42","date_gmt":"2025-11-07T22:13:42","guid":{"rendered":"https:\/\/www.ernstbrunn-apotheke.at\/katalog\/produkt\/pelsano-shampoo-pflege-200-ml\/"},"modified":"2025-12-08T14:46:24","modified_gmt":"2025-12-08T13:46:24","slug":"pelsano-shampoo-pflege-200-ml","status":"publish","type":"product","link":"https:\/\/www.ernstbrunn-apotheke.at\/katalog\/produkt\/pelsano-shampoo-pflege-200-ml\/","title":{"rendered":"Pelsano Shampoo Pflege 200 ml"},"content":{"rendered":"<p>Pelsano Shampoo Pflege ist eine sehr milde Pflege f\u00fcr feines Haar und sorgt mit pflanzlichen Waschsubstanzen f\u00fcr schonende Reinigung. Sonnenblumenextrakt und Weizenproteine pflegen zus\u00e4tzlich die zarte Kopfhaut. Das Shampoo ist mild zu den Augen und deshalb auch f\u00fcr die ganze Familie geeignet.<\/p>\n","protected":false},"excerpt":{"rendered":"<p>Pelsano Shampoo Pflege ist eine sehr milde Pflege f\u00fcr feines Haar und sorgt mit pflanzlichen Waschsubstanzen f\u00fcr schonende Reinigung. Sonnenblumenextrakt und Weizenproteine pflegen zus\u00e4tzlich die zarte Kopfhaut. Das Shampoo ist mild zu den Augen und deshalb auch f\u00fcr die ganze Familie geeignet.<\/p>\n","protected":false},"featured_media":25411,"template":"","meta":{"_acf_changed":false},"product_brand":[],"product_cat":[793],"product_tag":[],"class_list":{"0":"post-25409","1":"product","2":"type-product","3":"status-publish","4":"has-post-thumbnail","6":"product_cat-p","7":"pa_packungsgroesse-200ml","9":"first","10":"instock","11":"shipping-taxable","12":"purchasable","13":"product-type-simple"},"acf":[],"_links":{"self":[{"href":"https:\/\/www.ernstbrunn-apotheke.at\/katalog\/wp-json\/wp\/v2\/product\/25409","targetHints":{"allow":["GET"]}}],"collection":[{"href":"https:\/\/www.ernstbrunn-apotheke.at\/katalog\/wp-json\/wp\/v2\/product"}],"about":[{"href":"https:\/\/www.ernstbrunn-apotheke.at\/katalog\/wp-json\/wp\/v2\/types\/product"}],"wp:featuredmedia":[{"embeddable":true,"href":"https:\/\/www.ernstbrunn-apotheke.at\/katalog\/wp-json\/wp\/v2\/media\/25411"}],"wp:attachment":[{"href":"https:\/\/www.ernstbrunn-apotheke.at\/katalog\/wp-json\/wp\/v2\/media?parent=25409"}],"wp:term":[{"taxonomy":"product_brand","embeddable":true,"href":"https:\/\/www.ernstbrunn-apotheke.at\/katalog\/wp-json\/wp\/v2\/product_brand?post=25409"},{"taxonomy":"product_cat","embeddable":true,"href":"https:\/\/www.ernstbrunn-apotheke.at\/katalog\/wp-json\/wp\/v2\/product_cat?post=25409"},{"taxonomy":"product_tag","embeddable":true,"href":"https:\/\/www.ernstbrunn-apotheke.at\/katalog\/wp-json\/wp\/v2\/product_tag?post=25409"}],"curies":[{"name":"wp","href":"https:\/\/api.w.org\/{rel}","templated":true}]}}