{"id":25392,"date":"2025-11-07T23:13:42","date_gmt":"2025-11-07T22:13:42","guid":{"rendered":"https:\/\/www.ernstbrunn-apotheke.at\/katalog\/produkt\/alpecin-med-shampoo-konzentrat-200-ml-fettiges-haar\/"},"modified":"2025-12-08T14:46:19","modified_gmt":"2025-12-08T13:46:19","slug":"alpecin-med-shampoo-konzentrat-200-ml-fettiges-haar","status":"publish","type":"product","link":"https:\/\/www.ernstbrunn-apotheke.at\/katalog\/produkt\/alpecin-med-shampoo-konzentrat-200-ml-fettiges-haar\/","title":{"rendered":"Alpecin Med Shampoo Konzentrat 200 ml Fettiges Haar"},"content":{"rendered":"<p>Alpecin Med Shampoo Konzentrat Fettiges Haar verbessert den Talgabfluss, sch\u00fctzt vor Reizeffekten und sorgt f\u00fcr eine nat\u00fcrliche Kopfhautfunktion. Es beruhigt die Kopfhaut mit Glycerin, das Feuchtigkeit speichert.<\/p>\n","protected":false},"excerpt":{"rendered":"<p>Alpecin Med Shampoo Konzentrat Fettiges Haar verbessert den Talgabfluss, sch\u00fctzt vor Reizeffekten und sorgt f\u00fcr eine nat\u00fcrliche Kopfhautfunktion. Es beruhigt die Kopfhaut mit Glycerin, das Feuchtigkeit speichert.<\/p>\n","protected":false},"featured_media":25394,"template":"","meta":{"_acf_changed":false},"product_brand":[717],"product_cat":[801],"product_tag":[],"class_list":{"0":"post-25392","1":"product","2":"type-product","3":"status-publish","4":"has-post-thumbnail","6":"product_brand-alpecin","7":"product_cat-a","8":"pa_packungsgroesse-200ml","10":"first","11":"instock","12":"shipping-taxable","13":"purchasable","14":"product-type-simple"},"acf":[],"_links":{"self":[{"href":"https:\/\/www.ernstbrunn-apotheke.at\/katalog\/wp-json\/wp\/v2\/product\/25392","targetHints":{"allow":["GET"]}}],"collection":[{"href":"https:\/\/www.ernstbrunn-apotheke.at\/katalog\/wp-json\/wp\/v2\/product"}],"about":[{"href":"https:\/\/www.ernstbrunn-apotheke.at\/katalog\/wp-json\/wp\/v2\/types\/product"}],"wp:featuredmedia":[{"embeddable":true,"href":"https:\/\/www.ernstbrunn-apotheke.at\/katalog\/wp-json\/wp\/v2\/media\/25394"}],"wp:attachment":[{"href":"https:\/\/www.ernstbrunn-apotheke.at\/katalog\/wp-json\/wp\/v2\/media?parent=25392"}],"wp:term":[{"taxonomy":"product_brand","embeddable":true,"href":"https:\/\/www.ernstbrunn-apotheke.at\/katalog\/wp-json\/wp\/v2\/product_brand?post=25392"},{"taxonomy":"product_cat","embeddable":true,"href":"https:\/\/www.ernstbrunn-apotheke.at\/katalog\/wp-json\/wp\/v2\/product_cat?post=25392"},{"taxonomy":"product_tag","embeddable":true,"href":"https:\/\/www.ernstbrunn-apotheke.at\/katalog\/wp-json\/wp\/v2\/product_tag?post=25392"}],"curies":[{"name":"wp","href":"https:\/\/api.w.org\/{rel}","templated":true}]}}