{"id":25368,"date":"2025-11-07T23:13:42","date_gmt":"2025-11-07T22:13:42","guid":{"rendered":"https:\/\/www.ernstbrunn-apotheke.at\/katalog\/produkt\/weleda-intensiv-pflegendes-haaroel-50-ml\/"},"modified":"2025-12-08T14:46:12","modified_gmt":"2025-12-08T13:46:12","slug":"weleda-intensiv-pflegendes-haaroel-50-ml","status":"publish","type":"product","link":"https:\/\/www.ernstbrunn-apotheke.at\/katalog\/produkt\/weleda-intensiv-pflegendes-haaroel-50-ml\/","title":{"rendered":"Weleda Intensiv pflegendes Haar\u00f6l 50 ml"},"content":{"rendered":"<p>Weleda Haar\u00f6l Intensivpflege pflegt spr\u00f6des und br\u00fcchiges Haar weich und geschmeidig. Es erh\u00e4lt den nat\u00fcrlichen Glanz und sch\u00fctzt vor sch\u00e4digenden Umwelteinfl\u00fcssen<\/p>\n","protected":false},"excerpt":{"rendered":"<p>Weleda Haar\u00f6l Intensivpflege pflegt spr\u00f6des und br\u00fcchiges Haar weich und geschmeidig. Es erh\u00e4lt den nat\u00fcrlichen Glanz und sch\u00fctzt vor sch\u00e4digenden Umwelteinfl\u00fcssen<\/p>\n","protected":false},"featured_media":25370,"template":"","meta":{"_acf_changed":false},"product_brand":[567],"product_cat":[796],"product_tag":[],"class_list":{"0":"post-25368","1":"product","2":"type-product","3":"status-publish","4":"has-post-thumbnail","6":"product_brand-weleda","7":"product_cat-w","8":"pa_packungsgroesse-50ml","10":"first","11":"instock","12":"shipping-taxable","13":"purchasable","14":"product-type-simple"},"acf":[],"_links":{"self":[{"href":"https:\/\/www.ernstbrunn-apotheke.at\/katalog\/wp-json\/wp\/v2\/product\/25368","targetHints":{"allow":["GET"]}}],"collection":[{"href":"https:\/\/www.ernstbrunn-apotheke.at\/katalog\/wp-json\/wp\/v2\/product"}],"about":[{"href":"https:\/\/www.ernstbrunn-apotheke.at\/katalog\/wp-json\/wp\/v2\/types\/product"}],"wp:featuredmedia":[{"embeddable":true,"href":"https:\/\/www.ernstbrunn-apotheke.at\/katalog\/wp-json\/wp\/v2\/media\/25370"}],"wp:attachment":[{"href":"https:\/\/www.ernstbrunn-apotheke.at\/katalog\/wp-json\/wp\/v2\/media?parent=25368"}],"wp:term":[{"taxonomy":"product_brand","embeddable":true,"href":"https:\/\/www.ernstbrunn-apotheke.at\/katalog\/wp-json\/wp\/v2\/product_brand?post=25368"},{"taxonomy":"product_cat","embeddable":true,"href":"https:\/\/www.ernstbrunn-apotheke.at\/katalog\/wp-json\/wp\/v2\/product_cat?post=25368"},{"taxonomy":"product_tag","embeddable":true,"href":"https:\/\/www.ernstbrunn-apotheke.at\/katalog\/wp-json\/wp\/v2\/product_tag?post=25368"}],"curies":[{"name":"wp","href":"https:\/\/api.w.org\/{rel}","templated":true}]}}