{"id":25345,"date":"2025-11-07T23:13:10","date_gmt":"2025-11-07T22:13:10","guid":{"rendered":"https:\/\/www.ernstbrunn-apotheke.at\/katalog\/produkt\/plantur-39-sprueh-kur-125-ml\/"},"modified":"2025-12-08T14:46:00","modified_gmt":"2025-12-08T13:46:00","slug":"plantur-39-sprueh-kur-125-ml","status":"publish","type":"product","link":"https:\/\/www.ernstbrunn-apotheke.at\/katalog\/produkt\/plantur-39-sprueh-kur-125-ml\/","title":{"rendered":"Plantur 39 Spr\u00fch-Kur 125 ml"},"content":{"rendered":"<p>Bringt t\u00e4glich Glanz und Leben ins HaarAb Vierzig macht unser Haar h\u00e4ufig einen m\u00fcden Eindruck. Stumpf, spr\u00f6de, br\u00fcchig.Jetzt k\u00f6nnen Sie jeden Tag etwas dagegen tun, nicht nur nach dem Waschen.Diese Spr\u00fch-Kur direkt ins trockene oder auch ins feuchte Haar gespr\u00fcht \u2013 trockengef\u00f6hnt \u2013 und ihr Haar gl\u00e4nzt wieder, wirkt vitaler und frischer. Das enthaltene Panthenol spendet Feuchtigkeit und bindet sie in der Haarstruktur.Anwendung:Je nach Haarl\u00e4nge 10 bis 15 mal ins trockene oder ins feuchte Haar spr\u00fchen, durchk\u00e4mmen und trocknen. Nicht aussp\u00fclen. Nicht in die Augen spr\u00fchen.Wirkstoffe:Aqua, Amodimethicone, Propylene Glycol, Panthenol, PEG-25 PABA, PEG-40 Hydrogenated Castor Oil, Phenoxyethanol, Polyquaternium-16, Parfum, PEG-14 Dimethicone, VP\/VA Copolymer, Cetrimonium Chloride, Trideceth-12, Methylparaben, Citric Acid, Hexyl Cinnamal, Butylparaben, Ethylparaben, Sodium Acetate, Sodium Benzoate, Limonene, Propylparaben, Isobutylparaben, Linalool, Citronellol, Alpha-Isomethyl Ionone.<\/p>\n","protected":false},"excerpt":{"rendered":"<p>Bringt t\u00e4glich Glanz und Leben ins HaarAb Vierzig macht unser Haar h\u00e4ufig einen m\u00fcden Eindruck. Stumpf, spr\u00f6de, br\u00fcchig.Jetzt k\u00f6nnen Sie jeden Tag etwas dagegen tun, nicht nur nach dem Waschen.Diese Spr\u00fch-Kur direkt ins trockene oder auch ins feuchte Haar gespr\u00fcht \u2013 trockengef\u00f6hnt \u2013 und ihr Haar gl\u00e4nzt wieder, wirkt vitaler und frischer. Das enthaltene Panthenol [&hellip;]<\/p>\n","protected":false},"featured_media":25347,"template":"","meta":{"_acf_changed":false},"product_brand":[643],"product_cat":[793],"product_tag":[],"class_list":{"0":"post-25345","1":"product","2":"type-product","3":"status-publish","4":"has-post-thumbnail","6":"product_brand-plantur","7":"product_cat-p","8":"pa_packungsgroesse-125ml","10":"first","11":"instock","12":"shipping-taxable","13":"purchasable","14":"product-type-simple"},"acf":[],"_links":{"self":[{"href":"https:\/\/www.ernstbrunn-apotheke.at\/katalog\/wp-json\/wp\/v2\/product\/25345","targetHints":{"allow":["GET"]}}],"collection":[{"href":"https:\/\/www.ernstbrunn-apotheke.at\/katalog\/wp-json\/wp\/v2\/product"}],"about":[{"href":"https:\/\/www.ernstbrunn-apotheke.at\/katalog\/wp-json\/wp\/v2\/types\/product"}],"wp:featuredmedia":[{"embeddable":true,"href":"https:\/\/www.ernstbrunn-apotheke.at\/katalog\/wp-json\/wp\/v2\/media\/25347"}],"wp:attachment":[{"href":"https:\/\/www.ernstbrunn-apotheke.at\/katalog\/wp-json\/wp\/v2\/media?parent=25345"}],"wp:term":[{"taxonomy":"product_brand","embeddable":true,"href":"https:\/\/www.ernstbrunn-apotheke.at\/katalog\/wp-json\/wp\/v2\/product_brand?post=25345"},{"taxonomy":"product_cat","embeddable":true,"href":"https:\/\/www.ernstbrunn-apotheke.at\/katalog\/wp-json\/wp\/v2\/product_cat?post=25345"},{"taxonomy":"product_tag","embeddable":true,"href":"https:\/\/www.ernstbrunn-apotheke.at\/katalog\/wp-json\/wp\/v2\/product_tag?post=25345"}],"curies":[{"name":"wp","href":"https:\/\/api.w.org\/{rel}","templated":true}]}}