{"id":25333,"date":"2025-11-07T23:12:35","date_gmt":"2025-11-07T22:12:35","guid":{"rendered":"https:\/\/www.ernstbrunn-apotheke.at\/katalog\/produkt\/aqeo-shampoo-anti-schuppen-plus-150-ml\/"},"modified":"2025-12-08T14:45:54","modified_gmt":"2025-12-08T13:45:54","slug":"aqeo-shampoo-anti-schuppen-plus-150-ml","status":"publish","type":"product","link":"https:\/\/www.ernstbrunn-apotheke.at\/katalog\/produkt\/aqeo-shampoo-anti-schuppen-plus-150-ml\/","title":{"rendered":"Aqeo Shampoo Anti Schuppen Plus 150 ml"},"content":{"rendered":"<p>Aqeo Shampoo Anti Schuppen Plus wurde speziell f\u00fcr psoriatische Kopfhaut entwickelt. Au\u00dferdem l\u00f6st dieses Anti Schuppen Shampoo zuverl\u00e4ssig hartn\u00e4ckige und festhaftende Schuppen und sch\u00fctzt zudem die Kopfhaut vor dem Austrocknen.<\/p>\n","protected":false},"excerpt":{"rendered":"<p>Aqeo Shampoo Anti Schuppen Plus wurde speziell f\u00fcr psoriatische Kopfhaut entwickelt. Au\u00dferdem l\u00f6st dieses Anti Schuppen Shampoo zuverl\u00e4ssig hartn\u00e4ckige und festhaftende Schuppen und sch\u00fctzt zudem die Kopfhaut vor dem Austrocknen.<\/p>\n","protected":false},"featured_media":25335,"template":"","meta":{"_acf_changed":false},"product_brand":[],"product_cat":[801],"product_tag":[],"class_list":{"0":"post-25333","1":"product","2":"type-product","3":"status-publish","4":"has-post-thumbnail","6":"product_cat-a","7":"pa_packungsgroesse-150ml","9":"first","10":"instock","11":"shipping-taxable","12":"purchasable","13":"product-type-simple"},"acf":[],"_links":{"self":[{"href":"https:\/\/www.ernstbrunn-apotheke.at\/katalog\/wp-json\/wp\/v2\/product\/25333","targetHints":{"allow":["GET"]}}],"collection":[{"href":"https:\/\/www.ernstbrunn-apotheke.at\/katalog\/wp-json\/wp\/v2\/product"}],"about":[{"href":"https:\/\/www.ernstbrunn-apotheke.at\/katalog\/wp-json\/wp\/v2\/types\/product"}],"wp:featuredmedia":[{"embeddable":true,"href":"https:\/\/www.ernstbrunn-apotheke.at\/katalog\/wp-json\/wp\/v2\/media\/25335"}],"wp:attachment":[{"href":"https:\/\/www.ernstbrunn-apotheke.at\/katalog\/wp-json\/wp\/v2\/media?parent=25333"}],"wp:term":[{"taxonomy":"product_brand","embeddable":true,"href":"https:\/\/www.ernstbrunn-apotheke.at\/katalog\/wp-json\/wp\/v2\/product_brand?post=25333"},{"taxonomy":"product_cat","embeddable":true,"href":"https:\/\/www.ernstbrunn-apotheke.at\/katalog\/wp-json\/wp\/v2\/product_cat?post=25333"},{"taxonomy":"product_tag","embeddable":true,"href":"https:\/\/www.ernstbrunn-apotheke.at\/katalog\/wp-json\/wp\/v2\/product_tag?post=25333"}],"curies":[{"name":"wp","href":"https:\/\/api.w.org\/{rel}","templated":true}]}}