{"id":25302,"date":"2025-11-07T23:12:35","date_gmt":"2025-11-07T22:12:35","guid":{"rendered":"https:\/\/www.ernstbrunn-apotheke.at\/katalog\/produkt\/phyto-phytomillesime-farbverstaerkendes-shampoo-200-ml\/"},"modified":"2025-12-08T14:45:43","modified_gmt":"2025-12-08T13:45:43","slug":"phyto-phytomillesime-farbverstaerkendes-shampoo-200-ml","status":"publish","type":"product","link":"https:\/\/www.ernstbrunn-apotheke.at\/katalog\/produkt\/phyto-phytomillesime-farbverstaerkendes-shampoo-200-ml\/","title":{"rendered":"Phyto Phytomillesime Farbverst\u00e4rkendes Shampoo 200 ml"},"content":{"rendered":"<p>Das leicht sch\u00e4umende Shampoo verleiht dem Haar Geschmeidigkeit und Glanz. Reinigt Kopfhaut und Haarfaser und sch\u00fctzt gleichzeitig die Haarfarbe. Sch\u00fctzt vor Verblassen der Haarfarbe. Die Haarfarbe bleibt unversehrt &#038; intensiv.<\/p>\n","protected":false},"excerpt":{"rendered":"<p>Das leicht sch\u00e4umende Shampoo verleiht dem Haar Geschmeidigkeit und Glanz. Reinigt Kopfhaut und Haarfaser und sch\u00fctzt gleichzeitig die Haarfarbe. Sch\u00fctzt vor Verblassen der Haarfarbe. Die Haarfarbe bleibt unversehrt &#038; intensiv.<\/p>\n","protected":false},"featured_media":25304,"template":"","meta":{"_acf_changed":false},"product_brand":[],"product_cat":[793],"product_tag":[],"class_list":{"0":"post-25302","1":"product","2":"type-product","3":"status-publish","4":"has-post-thumbnail","6":"product_cat-p","7":"pa_packungsgroesse-200ml","9":"first","10":"instock","11":"shipping-taxable","12":"purchasable","13":"product-type-simple"},"acf":[],"_links":{"self":[{"href":"https:\/\/www.ernstbrunn-apotheke.at\/katalog\/wp-json\/wp\/v2\/product\/25302","targetHints":{"allow":["GET"]}}],"collection":[{"href":"https:\/\/www.ernstbrunn-apotheke.at\/katalog\/wp-json\/wp\/v2\/product"}],"about":[{"href":"https:\/\/www.ernstbrunn-apotheke.at\/katalog\/wp-json\/wp\/v2\/types\/product"}],"wp:featuredmedia":[{"embeddable":true,"href":"https:\/\/www.ernstbrunn-apotheke.at\/katalog\/wp-json\/wp\/v2\/media\/25304"}],"wp:attachment":[{"href":"https:\/\/www.ernstbrunn-apotheke.at\/katalog\/wp-json\/wp\/v2\/media?parent=25302"}],"wp:term":[{"taxonomy":"product_brand","embeddable":true,"href":"https:\/\/www.ernstbrunn-apotheke.at\/katalog\/wp-json\/wp\/v2\/product_brand?post=25302"},{"taxonomy":"product_cat","embeddable":true,"href":"https:\/\/www.ernstbrunn-apotheke.at\/katalog\/wp-json\/wp\/v2\/product_cat?post=25302"},{"taxonomy":"product_tag","embeddable":true,"href":"https:\/\/www.ernstbrunn-apotheke.at\/katalog\/wp-json\/wp\/v2\/product_tag?post=25302"}],"curies":[{"name":"wp","href":"https:\/\/api.w.org\/{rel}","templated":true}]}}