{"id":25293,"date":"2025-11-07T23:11:51","date_gmt":"2025-11-07T22:11:51","guid":{"rendered":"https:\/\/www.ernstbrunn-apotheke.at\/katalog\/produkt\/enzborn-shampoo-totes-meer-mild-250-ml\/"},"modified":"2025-12-08T14:45:38","modified_gmt":"2025-12-08T13:45:38","slug":"enzborn-shampoo-totes-meer-mild-250-ml","status":"publish","type":"product","link":"https:\/\/www.ernstbrunn-apotheke.at\/katalog\/produkt\/enzborn-shampoo-totes-meer-mild-250-ml\/","title":{"rendered":"Enzborn Shampoo Totes Meer Mild 250 ml"},"content":{"rendered":"<p>Enzborn Shampoo Totes Meer Mild reinigt die Kopfhaut, befreit von Schuppen und kr\u00e4ftigt das Haar extra mild und schonend. Die Haare werden leicht k\u00e4mmbar, f\u00fcllig und gl\u00e4nzend.<\/p>\n","protected":false},"excerpt":{"rendered":"<p>Enzborn Shampoo Totes Meer Mild reinigt die Kopfhaut, befreit von Schuppen und kr\u00e4ftigt das Haar extra mild und schonend. Die Haare werden leicht k\u00e4mmbar, f\u00fcllig und gl\u00e4nzend.<\/p>\n","protected":false},"featured_media":25295,"template":"","meta":{"_acf_changed":false},"product_brand":[651],"product_cat":[794],"product_tag":[],"class_list":{"0":"post-25293","1":"product","2":"type-product","3":"status-publish","4":"has-post-thumbnail","6":"product_brand-enzborn","7":"product_cat-e","8":"pa_packungsgroesse-250ml","10":"first","11":"instock","12":"shipping-taxable","13":"purchasable","14":"product-type-simple"},"acf":[],"_links":{"self":[{"href":"https:\/\/www.ernstbrunn-apotheke.at\/katalog\/wp-json\/wp\/v2\/product\/25293","targetHints":{"allow":["GET"]}}],"collection":[{"href":"https:\/\/www.ernstbrunn-apotheke.at\/katalog\/wp-json\/wp\/v2\/product"}],"about":[{"href":"https:\/\/www.ernstbrunn-apotheke.at\/katalog\/wp-json\/wp\/v2\/types\/product"}],"wp:featuredmedia":[{"embeddable":true,"href":"https:\/\/www.ernstbrunn-apotheke.at\/katalog\/wp-json\/wp\/v2\/media\/25295"}],"wp:attachment":[{"href":"https:\/\/www.ernstbrunn-apotheke.at\/katalog\/wp-json\/wp\/v2\/media?parent=25293"}],"wp:term":[{"taxonomy":"product_brand","embeddable":true,"href":"https:\/\/www.ernstbrunn-apotheke.at\/katalog\/wp-json\/wp\/v2\/product_brand?post=25293"},{"taxonomy":"product_cat","embeddable":true,"href":"https:\/\/www.ernstbrunn-apotheke.at\/katalog\/wp-json\/wp\/v2\/product_cat?post=25293"},{"taxonomy":"product_tag","embeddable":true,"href":"https:\/\/www.ernstbrunn-apotheke.at\/katalog\/wp-json\/wp\/v2\/product_tag?post=25293"}],"curies":[{"name":"wp","href":"https:\/\/api.w.org\/{rel}","templated":true}]}}