{"id":25282,"date":"2025-11-07T23:11:51","date_gmt":"2025-11-07T22:11:51","guid":{"rendered":"https:\/\/www.ernstbrunn-apotheke.at\/katalog\/produkt\/phyto-phytoelixir-ultra-dry-hair-shampoo-200-ml\/"},"modified":"2025-12-08T14:45:34","modified_gmt":"2025-12-08T13:45:34","slug":"phyto-phytoelixir-ultra-dry-hair-shampoo-200-ml","status":"publish","type":"product","link":"https:\/\/www.ernstbrunn-apotheke.at\/katalog\/produkt\/phyto-phytoelixir-ultra-dry-hair-shampoo-200-ml\/","title":{"rendered":"Phyto Phytoelixir Ultra-Dry Hair Shampoo 200 ml"},"content":{"rendered":"<p>Phyto Phytoelixir Ultra-Dry Hair Shampoo enth\u00e4lt reichhaltiges Macadamia-\u00d6l in Chronosph\u00e4ren und zart pflegendes Narzissen-Bl\u00fctenwachs. Sehr trockenes Haar ist besonders p\u00f6r\u00f6s und leidet an mangelnden Lipiden. Narzissen-Bl\u00fctenwachs kann bis in die tiefen des Haares eindringen und schenkt gezielt neue Geschmeidigkeit. Das in Chronosph\u00e4ren verkapselte Macadamia-\u00d6l wird schrittweise im Haar freigesetzt und f\u00fcllt die leeren Lipidl\u00fccken auf. So wird den Haaren neue Vitalit\u00e4t und ein gesunder Glanz geschenkt.  Zarte Schaumformel &#8211; frei von Sulfaten.<\/p>\n","protected":false},"excerpt":{"rendered":"<p>Phyto Phytoelixir Ultra-Dry Hair Shampoo enth\u00e4lt reichhaltiges Macadamia-\u00d6l in Chronosph\u00e4ren und zart pflegendes Narzissen-Bl\u00fctenwachs. Sehr trockenes Haar ist besonders p\u00f6r\u00f6s und leidet an mangelnden Lipiden. Narzissen-Bl\u00fctenwachs kann bis in die tiefen des Haares eindringen und schenkt gezielt neue Geschmeidigkeit. Das in Chronosph\u00e4ren verkapselte Macadamia-\u00d6l wird schrittweise im Haar freigesetzt und f\u00fcllt die leeren Lipidl\u00fccken auf. [&hellip;]<\/p>\n","protected":false},"featured_media":25284,"template":"","meta":{"_acf_changed":false},"product_brand":[732],"product_cat":[793],"product_tag":[],"class_list":{"0":"post-25282","1":"product","2":"type-product","3":"status-publish","4":"has-post-thumbnail","6":"product_brand-phyto","7":"product_cat-p","8":"pa_packungsgroesse-200ml","10":"first","11":"instock","12":"shipping-taxable","13":"purchasable","14":"product-type-simple"},"acf":[],"_links":{"self":[{"href":"https:\/\/www.ernstbrunn-apotheke.at\/katalog\/wp-json\/wp\/v2\/product\/25282","targetHints":{"allow":["GET"]}}],"collection":[{"href":"https:\/\/www.ernstbrunn-apotheke.at\/katalog\/wp-json\/wp\/v2\/product"}],"about":[{"href":"https:\/\/www.ernstbrunn-apotheke.at\/katalog\/wp-json\/wp\/v2\/types\/product"}],"wp:featuredmedia":[{"embeddable":true,"href":"https:\/\/www.ernstbrunn-apotheke.at\/katalog\/wp-json\/wp\/v2\/media\/25284"}],"wp:attachment":[{"href":"https:\/\/www.ernstbrunn-apotheke.at\/katalog\/wp-json\/wp\/v2\/media?parent=25282"}],"wp:term":[{"taxonomy":"product_brand","embeddable":true,"href":"https:\/\/www.ernstbrunn-apotheke.at\/katalog\/wp-json\/wp\/v2\/product_brand?post=25282"},{"taxonomy":"product_cat","embeddable":true,"href":"https:\/\/www.ernstbrunn-apotheke.at\/katalog\/wp-json\/wp\/v2\/product_cat?post=25282"},{"taxonomy":"product_tag","embeddable":true,"href":"https:\/\/www.ernstbrunn-apotheke.at\/katalog\/wp-json\/wp\/v2\/product_tag?post=25282"}],"curies":[{"name":"wp","href":"https:\/\/api.w.org\/{rel}","templated":true}]}}