{"id":25260,"date":"2025-11-07T23:11:51","date_gmt":"2025-11-07T22:11:51","guid":{"rendered":"https:\/\/www.ernstbrunn-apotheke.at\/katalog\/produkt\/weleda-shampoo-hirse-pflege-190-ml\/"},"modified":"2025-12-08T14:45:21","modified_gmt":"2025-12-08T13:45:21","slug":"weleda-shampoo-hirse-pflege-190-ml","status":"publish","type":"product","link":"https:\/\/www.ernstbrunn-apotheke.at\/katalog\/produkt\/weleda-shampoo-hirse-pflege-190-ml\/","title":{"rendered":"Weleda Shampoo Hirse Pflege 190 ml"},"content":{"rendered":"<p>Weleda Hirse Pflege-Shampoo mit Bio-Macadamianuss\u00f6l, Extrakten aus Bio-Hirseschalen und Bio-Salbei reinigt sanft Haar und Kopfhaut und erh\u00e4lt den nat\u00fcrlichen Glanz und die Spannkraft des Haars. Fruchtige Grapefruit, belebende Pfefferminze und holzig-warme Amyris verleihen dem Shampoo seinen frischen Duft. Ideal f\u00fcr die ganze Familie.<\/p>\n","protected":false},"excerpt":{"rendered":"<p>Weleda Hirse Pflege-Shampoo mit Bio-Macadamianuss\u00f6l, Extrakten aus Bio-Hirseschalen und Bio-Salbei reinigt sanft Haar und Kopfhaut und erh\u00e4lt den nat\u00fcrlichen Glanz und die Spannkraft des Haars. Fruchtige Grapefruit, belebende Pfefferminze und holzig-warme Amyris verleihen dem Shampoo seinen frischen Duft. Ideal f\u00fcr die ganze Familie.<\/p>\n","protected":false},"featured_media":25262,"template":"","meta":{"_acf_changed":false},"product_brand":[567],"product_cat":[796],"product_tag":[],"class_list":{"0":"post-25260","1":"product","2":"type-product","3":"status-publish","4":"has-post-thumbnail","6":"product_brand-weleda","7":"product_cat-w","8":"pa_packungsgroesse-190ml","10":"first","11":"instock","12":"shipping-taxable","13":"purchasable","14":"product-type-simple"},"acf":[],"_links":{"self":[{"href":"https:\/\/www.ernstbrunn-apotheke.at\/katalog\/wp-json\/wp\/v2\/product\/25260","targetHints":{"allow":["GET"]}}],"collection":[{"href":"https:\/\/www.ernstbrunn-apotheke.at\/katalog\/wp-json\/wp\/v2\/product"}],"about":[{"href":"https:\/\/www.ernstbrunn-apotheke.at\/katalog\/wp-json\/wp\/v2\/types\/product"}],"wp:featuredmedia":[{"embeddable":true,"href":"https:\/\/www.ernstbrunn-apotheke.at\/katalog\/wp-json\/wp\/v2\/media\/25262"}],"wp:attachment":[{"href":"https:\/\/www.ernstbrunn-apotheke.at\/katalog\/wp-json\/wp\/v2\/media?parent=25260"}],"wp:term":[{"taxonomy":"product_brand","embeddable":true,"href":"https:\/\/www.ernstbrunn-apotheke.at\/katalog\/wp-json\/wp\/v2\/product_brand?post=25260"},{"taxonomy":"product_cat","embeddable":true,"href":"https:\/\/www.ernstbrunn-apotheke.at\/katalog\/wp-json\/wp\/v2\/product_cat?post=25260"},{"taxonomy":"product_tag","embeddable":true,"href":"https:\/\/www.ernstbrunn-apotheke.at\/katalog\/wp-json\/wp\/v2\/product_tag?post=25260"}],"curies":[{"name":"wp","href":"https:\/\/api.w.org\/{rel}","templated":true}]}}