{"id":25250,"date":"2025-11-07T23:11:51","date_gmt":"2025-11-07T22:11:51","guid":{"rendered":"https:\/\/www.ernstbrunn-apotheke.at\/katalog\/produkt\/rausch-hairspray-flexible-refill-non-aerosol-400-ml\/"},"modified":"2025-12-08T14:45:18","modified_gmt":"2025-12-08T13:45:18","slug":"rausch-hairspray-flexible-refill-non-aerosol-400-ml","status":"publish","type":"product","link":"https:\/\/www.ernstbrunn-apotheke.at\/katalog\/produkt\/rausch-hairspray-flexible-refill-non-aerosol-400-ml\/","title":{"rendered":"Rausch Hairspray Flexible Refill Non-Aerosol 400 ml"},"content":{"rendered":"<p>Rausch Hairspray Flexible Refill Non-Aerosol ist ein umweltfreundliches Refill-System zum Nachf\u00fcllen der 150 ml und 50 ml Spr\u00fchflaschen &#8211; wir f\u00fchren alle Produkte von RAUSCH zu Sonderpreisen!<\/p>\n","protected":false},"excerpt":{"rendered":"<p>Rausch Hairspray Flexible Refill Non-Aerosol ist ein umweltfreundliches Refill-System zum Nachf\u00fcllen der 150 ml und 50 ml Spr\u00fchflaschen &#8211; wir f\u00fchren alle Produkte von RAUSCH zu Sonderpreisen!<\/p>\n","protected":false},"featured_media":25252,"template":"","meta":{"_acf_changed":false},"product_brand":[648],"product_cat":[808],"product_tag":[],"class_list":{"0":"post-25250","1":"product","2":"type-product","3":"status-publish","4":"has-post-thumbnail","6":"product_brand-rausch","7":"product_cat-r","8":"pa_packungsgroesse-400ml","10":"first","11":"instock","12":"shipping-taxable","13":"purchasable","14":"product-type-simple"},"acf":[],"_links":{"self":[{"href":"https:\/\/www.ernstbrunn-apotheke.at\/katalog\/wp-json\/wp\/v2\/product\/25250","targetHints":{"allow":["GET"]}}],"collection":[{"href":"https:\/\/www.ernstbrunn-apotheke.at\/katalog\/wp-json\/wp\/v2\/product"}],"about":[{"href":"https:\/\/www.ernstbrunn-apotheke.at\/katalog\/wp-json\/wp\/v2\/types\/product"}],"wp:featuredmedia":[{"embeddable":true,"href":"https:\/\/www.ernstbrunn-apotheke.at\/katalog\/wp-json\/wp\/v2\/media\/25252"}],"wp:attachment":[{"href":"https:\/\/www.ernstbrunn-apotheke.at\/katalog\/wp-json\/wp\/v2\/media?parent=25250"}],"wp:term":[{"taxonomy":"product_brand","embeddable":true,"href":"https:\/\/www.ernstbrunn-apotheke.at\/katalog\/wp-json\/wp\/v2\/product_brand?post=25250"},{"taxonomy":"product_cat","embeddable":true,"href":"https:\/\/www.ernstbrunn-apotheke.at\/katalog\/wp-json\/wp\/v2\/product_cat?post=25250"},{"taxonomy":"product_tag","embeddable":true,"href":"https:\/\/www.ernstbrunn-apotheke.at\/katalog\/wp-json\/wp\/v2\/product_tag?post=25250"}],"curies":[{"name":"wp","href":"https:\/\/api.w.org\/{rel}","templated":true}]}}