{"id":25246,"date":"2025-11-07T23:11:20","date_gmt":"2025-11-07T22:11:20","guid":{"rendered":"https:\/\/www.ernstbrunn-apotheke.at\/katalog\/produkt\/sebamed-every-day-shampoo-200-ml\/"},"modified":"2025-12-08T14:45:12","modified_gmt":"2025-12-08T13:45:12","slug":"sebamed-every-day-shampoo-200-ml","status":"publish","type":"product","link":"https:\/\/www.ernstbrunn-apotheke.at\/katalog\/produkt\/sebamed-every-day-shampoo-200-ml\/","title":{"rendered":"Sebamed Every-Day Shampoo 200 ml"},"content":{"rendered":"<p>Besonders milde Reinigung f\u00fcr die t\u00e4gliche Haarw\u00e4sche \u2013 dank besonders sanfter, waschaktiver Zuckertenside. Die speziell entwickelte Tensid-Kombination reinigt schonend und hilft, Haar und Kopfhaut vor Austrocknung zu sch\u00fctzen. Das Haar erh\u00e4lt mehr duftige F\u00fclle und seidigen Glanz. Der pH-Wert 5,5 f\u00f6rdert die Funktion des nat\u00fcrlichen Hautschutzmantels und tr\u00e4gt zur Gesunderhaltung der Kopfhaut bei. Dermatologisch-klinisch getestet.<\/p>\n","protected":false},"excerpt":{"rendered":"<p>Besonders milde Reinigung f\u00fcr die t\u00e4gliche Haarw\u00e4sche \u2013 dank besonders sanfter, waschaktiver Zuckertenside. Die speziell entwickelte Tensid-Kombination reinigt schonend und hilft, Haar und Kopfhaut vor Austrocknung zu sch\u00fctzen. Das Haar erh\u00e4lt mehr duftige F\u00fclle und seidigen Glanz. Der pH-Wert 5,5 f\u00f6rdert die Funktion des nat\u00fcrlichen Hautschutzmantels und tr\u00e4gt zur Gesunderhaltung der Kopfhaut bei. Dermatologisch-klinisch getestet.<\/p>\n","protected":false},"featured_media":25248,"template":"","meta":{"_acf_changed":false},"product_brand":[737],"product_cat":[791],"product_tag":[],"class_list":{"0":"post-25246","1":"product","2":"type-product","3":"status-publish","4":"has-post-thumbnail","6":"product_brand-sebamed","7":"product_cat-s","8":"pa_packungsgroesse-200ml","10":"first","11":"instock","12":"shipping-taxable","13":"purchasable","14":"product-type-simple"},"acf":[],"_links":{"self":[{"href":"https:\/\/www.ernstbrunn-apotheke.at\/katalog\/wp-json\/wp\/v2\/product\/25246","targetHints":{"allow":["GET"]}}],"collection":[{"href":"https:\/\/www.ernstbrunn-apotheke.at\/katalog\/wp-json\/wp\/v2\/product"}],"about":[{"href":"https:\/\/www.ernstbrunn-apotheke.at\/katalog\/wp-json\/wp\/v2\/types\/product"}],"wp:featuredmedia":[{"embeddable":true,"href":"https:\/\/www.ernstbrunn-apotheke.at\/katalog\/wp-json\/wp\/v2\/media\/25248"}],"wp:attachment":[{"href":"https:\/\/www.ernstbrunn-apotheke.at\/katalog\/wp-json\/wp\/v2\/media?parent=25246"}],"wp:term":[{"taxonomy":"product_brand","embeddable":true,"href":"https:\/\/www.ernstbrunn-apotheke.at\/katalog\/wp-json\/wp\/v2\/product_brand?post=25246"},{"taxonomy":"product_cat","embeddable":true,"href":"https:\/\/www.ernstbrunn-apotheke.at\/katalog\/wp-json\/wp\/v2\/product_cat?post=25246"},{"taxonomy":"product_tag","embeddable":true,"href":"https:\/\/www.ernstbrunn-apotheke.at\/katalog\/wp-json\/wp\/v2\/product_tag?post=25246"}],"curies":[{"name":"wp","href":"https:\/\/api.w.org\/{rel}","templated":true}]}}