{"id":25232,"date":"2025-11-07T23:11:20","date_gmt":"2025-11-07T22:11:20","guid":{"rendered":"https:\/\/www.ernstbrunn-apotheke.at\/katalog\/produkt\/rausch-avocado-farbschutz-spray-100-ml\/"},"modified":"2025-12-08T14:45:01","modified_gmt":"2025-12-08T13:45:01","slug":"rausch-avocado-farbschutz-spray-100-ml","status":"publish","type":"product","link":"https:\/\/www.ernstbrunn-apotheke.at\/katalog\/produkt\/rausch-avocado-farbschutz-spray-100-ml\/","title":{"rendered":"Rausch Avocado Farbschutz-Spray 100 ml"},"content":{"rendered":"<p>Rausch Avocado Farbschutz-Spray bewahrt die intensive Farbleuchtkraft und sch\u00fctzt das Haar vor dem Ausbleichen. Erleichtert die K\u00e4mmbarkeit und schenkt seidigen Glanz.Mit naturreinem Avocado-\u00d6l und Zinnkrautextrakt.<\/p>\n","protected":false},"excerpt":{"rendered":"<p>Rausch Avocado Farbschutz-Spray bewahrt die intensive Farbleuchtkraft und sch\u00fctzt das Haar vor dem Ausbleichen. Erleichtert die K\u00e4mmbarkeit und schenkt seidigen Glanz.Mit naturreinem Avocado-\u00d6l und Zinnkrautextrakt.<\/p>\n","protected":false},"featured_media":25234,"template":"","meta":{"_acf_changed":false},"product_brand":[648],"product_cat":[808],"product_tag":[],"class_list":{"0":"post-25232","1":"product","2":"type-product","3":"status-publish","4":"has-post-thumbnail","6":"product_brand-rausch","7":"product_cat-r","8":"pa_packungsgroesse-100ml","10":"first","11":"instock","12":"shipping-taxable","13":"purchasable","14":"product-type-simple"},"acf":[],"_links":{"self":[{"href":"https:\/\/www.ernstbrunn-apotheke.at\/katalog\/wp-json\/wp\/v2\/product\/25232","targetHints":{"allow":["GET"]}}],"collection":[{"href":"https:\/\/www.ernstbrunn-apotheke.at\/katalog\/wp-json\/wp\/v2\/product"}],"about":[{"href":"https:\/\/www.ernstbrunn-apotheke.at\/katalog\/wp-json\/wp\/v2\/types\/product"}],"wp:featuredmedia":[{"embeddable":true,"href":"https:\/\/www.ernstbrunn-apotheke.at\/katalog\/wp-json\/wp\/v2\/media\/25234"}],"wp:attachment":[{"href":"https:\/\/www.ernstbrunn-apotheke.at\/katalog\/wp-json\/wp\/v2\/media?parent=25232"}],"wp:term":[{"taxonomy":"product_brand","embeddable":true,"href":"https:\/\/www.ernstbrunn-apotheke.at\/katalog\/wp-json\/wp\/v2\/product_brand?post=25232"},{"taxonomy":"product_cat","embeddable":true,"href":"https:\/\/www.ernstbrunn-apotheke.at\/katalog\/wp-json\/wp\/v2\/product_cat?post=25232"},{"taxonomy":"product_tag","embeddable":true,"href":"https:\/\/www.ernstbrunn-apotheke.at\/katalog\/wp-json\/wp\/v2\/product_tag?post=25232"}],"curies":[{"name":"wp","href":"https:\/\/api.w.org\/{rel}","templated":true}]}}