{"id":25187,"date":"2025-11-07T23:10:29","date_gmt":"2025-11-07T22:10:29","guid":{"rendered":"https:\/\/www.ernstbrunn-apotheke.at\/katalog\/produkt\/phyto-phytodensia-shampoo-200-ml\/"},"modified":"2025-12-08T14:44:47","modified_gmt":"2025-12-08T13:44:47","slug":"phyto-phytodensia-shampoo-200-ml","status":"publish","type":"product","link":"https:\/\/www.ernstbrunn-apotheke.at\/katalog\/produkt\/phyto-phytodensia-shampoo-200-ml\/","title":{"rendered":"Phyto Phytodensia Shampoo 200 ml"},"content":{"rendered":"<p>Das Phyto Phytodensia Shampoo wurde speziell f\u00fcr die Reinigung von d\u00fcnnem und devitalisiertem Haar entwickelt. Es wirkt sowohl auf die Kopfhaut als auch auf die Haarfaser ein, um jugendliches, volles Haar zur\u00fcckzugewinnen. Das leicht sch\u00e4umende Shampoo reinigt das Haar sanft. Die Haare sehen sch\u00f6ner aus und erhalten neues Volumen, Glanz und Leichtigkeit.<\/p>\n","protected":false},"excerpt":{"rendered":"<p>Das Phyto Phytodensia Shampoo wurde speziell f\u00fcr die Reinigung von d\u00fcnnem und devitalisiertem Haar entwickelt. Es wirkt sowohl auf die Kopfhaut als auch auf die Haarfaser ein, um jugendliches, volles Haar zur\u00fcckzugewinnen. Das leicht sch\u00e4umende Shampoo reinigt das Haar sanft. Die Haare sehen sch\u00f6ner aus und erhalten neues Volumen, Glanz und Leichtigkeit.<\/p>\n","protected":false},"featured_media":25189,"template":"","meta":{"_acf_changed":false},"product_brand":[732],"product_cat":[793],"product_tag":[],"class_list":{"0":"post-25187","1":"product","2":"type-product","3":"status-publish","4":"has-post-thumbnail","6":"product_brand-phyto","7":"product_cat-p","8":"pa_packungsgroesse-200ml","10":"first","11":"instock","12":"shipping-taxable","13":"purchasable","14":"product-type-simple"},"acf":[],"_links":{"self":[{"href":"https:\/\/www.ernstbrunn-apotheke.at\/katalog\/wp-json\/wp\/v2\/product\/25187","targetHints":{"allow":["GET"]}}],"collection":[{"href":"https:\/\/www.ernstbrunn-apotheke.at\/katalog\/wp-json\/wp\/v2\/product"}],"about":[{"href":"https:\/\/www.ernstbrunn-apotheke.at\/katalog\/wp-json\/wp\/v2\/types\/product"}],"wp:featuredmedia":[{"embeddable":true,"href":"https:\/\/www.ernstbrunn-apotheke.at\/katalog\/wp-json\/wp\/v2\/media\/25189"}],"wp:attachment":[{"href":"https:\/\/www.ernstbrunn-apotheke.at\/katalog\/wp-json\/wp\/v2\/media?parent=25187"}],"wp:term":[{"taxonomy":"product_brand","embeddable":true,"href":"https:\/\/www.ernstbrunn-apotheke.at\/katalog\/wp-json\/wp\/v2\/product_brand?post=25187"},{"taxonomy":"product_cat","embeddable":true,"href":"https:\/\/www.ernstbrunn-apotheke.at\/katalog\/wp-json\/wp\/v2\/product_cat?post=25187"},{"taxonomy":"product_tag","embeddable":true,"href":"https:\/\/www.ernstbrunn-apotheke.at\/katalog\/wp-json\/wp\/v2\/product_tag?post=25187"}],"curies":[{"name":"wp","href":"https:\/\/api.w.org\/{rel}","templated":true}]}}