{"id":25181,"date":"2025-11-07T23:10:29","date_gmt":"2025-11-07T22:10:29","guid":{"rendered":"https:\/\/www.ernstbrunn-apotheke.at\/katalog\/produkt\/rausch-meerestang-kopfhaut-kur-100-ml\/"},"modified":"2025-12-08T14:44:45","modified_gmt":"2025-12-08T13:44:45","slug":"rausch-meerestang-kopfhaut-kur-100-ml","status":"publish","type":"product","link":"https:\/\/www.ernstbrunn-apotheke.at\/katalog\/produkt\/rausch-meerestang-kopfhaut-kur-100-ml\/","title":{"rendered":"Rausch Meerestang Kopfhaut-Kur 100 ml"},"content":{"rendered":"<p>Rausch Meerestang Kopfhaut-Kur entgiftet, beruhigt, erfrischt. Mildert R\u00f6tungen und Juckreiz. Leicht antiseptisch.Mit nat\u00fcrlichem Wirkkomplex aus gr\u00fcner Tonerde, Lavaerde, kolloidalem Schlamm sowie Extrakten aus Meerestang, Salbei und speziellen Algen.<\/p>\n","protected":false},"excerpt":{"rendered":"<p>Rausch Meerestang Kopfhaut-Kur entgiftet, beruhigt, erfrischt. Mildert R\u00f6tungen und Juckreiz. Leicht antiseptisch.Mit nat\u00fcrlichem Wirkkomplex aus gr\u00fcner Tonerde, Lavaerde, kolloidalem Schlamm sowie Extrakten aus Meerestang, Salbei und speziellen Algen.<\/p>\n","protected":false},"featured_media":25183,"template":"","meta":{"_acf_changed":false},"product_brand":[648],"product_cat":[808],"product_tag":[],"class_list":{"0":"post-25181","1":"product","2":"type-product","3":"status-publish","4":"has-post-thumbnail","6":"product_brand-rausch","7":"product_cat-r","8":"pa_packungsgroesse-100ml","9":"pa_packungsgroesse-15ml","11":"first","12":"instock","13":"shipping-taxable","14":"purchasable","15":"product-type-simple"},"acf":[],"_links":{"self":[{"href":"https:\/\/www.ernstbrunn-apotheke.at\/katalog\/wp-json\/wp\/v2\/product\/25181","targetHints":{"allow":["GET"]}}],"collection":[{"href":"https:\/\/www.ernstbrunn-apotheke.at\/katalog\/wp-json\/wp\/v2\/product"}],"about":[{"href":"https:\/\/www.ernstbrunn-apotheke.at\/katalog\/wp-json\/wp\/v2\/types\/product"}],"wp:featuredmedia":[{"embeddable":true,"href":"https:\/\/www.ernstbrunn-apotheke.at\/katalog\/wp-json\/wp\/v2\/media\/25183"}],"wp:attachment":[{"href":"https:\/\/www.ernstbrunn-apotheke.at\/katalog\/wp-json\/wp\/v2\/media?parent=25181"}],"wp:term":[{"taxonomy":"product_brand","embeddable":true,"href":"https:\/\/www.ernstbrunn-apotheke.at\/katalog\/wp-json\/wp\/v2\/product_brand?post=25181"},{"taxonomy":"product_cat","embeddable":true,"href":"https:\/\/www.ernstbrunn-apotheke.at\/katalog\/wp-json\/wp\/v2\/product_cat?post=25181"},{"taxonomy":"product_tag","embeddable":true,"href":"https:\/\/www.ernstbrunn-apotheke.at\/katalog\/wp-json\/wp\/v2\/product_tag?post=25181"}],"curies":[{"name":"wp","href":"https:\/\/api.w.org\/{rel}","templated":true}]}}