{"id":25167,"date":"2025-11-07T23:10:29","date_gmt":"2025-11-07T22:10:29","guid":{"rendered":"https:\/\/www.ernstbrunn-apotheke.at\/katalog\/produkt\/medipharma-cosmetics-shampoo-200-ml-nachtkerzenoel\/"},"modified":"2025-12-08T14:44:42","modified_gmt":"2025-12-08T13:44:42","slug":"medipharma-cosmetics-shampoo-200-ml-nachtkerzenoel","status":"publish","type":"product","link":"https:\/\/www.ernstbrunn-apotheke.at\/katalog\/produkt\/medipharma-cosmetics-shampoo-200-ml-nachtkerzenoel\/","title":{"rendered":"Medipharma Cosmetics Shampoo 200 ml Nachtkerzen\u00f6l"},"content":{"rendered":"<p>Medipharma Cosmetics Shampoo pflegt Ihr Haar besonders mild und schonend. Eine individuelle Pflege, die dem Haar wieder Glanz und Vitalit\u00e4t verleiht. Dieses Shampoo l\u00e4\u00dft t\u00e4gliches Haarwaschen zu einem Erlebnis werden. Dieses Shampoo erhalten Sie in den Varianten Oliven\u00f6l und Nachtkerzen\u00f6l.<\/p>\n","protected":false},"excerpt":{"rendered":"<p>Medipharma Cosmetics Shampoo pflegt Ihr Haar besonders mild und schonend. Eine individuelle Pflege, die dem Haar wieder Glanz und Vitalit\u00e4t verleiht. Dieses Shampoo l\u00e4\u00dft t\u00e4gliches Haarwaschen zu einem Erlebnis werden. Dieses Shampoo erhalten Sie in den Varianten Oliven\u00f6l und Nachtkerzen\u00f6l.<\/p>\n","protected":false},"featured_media":25169,"template":"","meta":{"_acf_changed":false},"product_brand":[715],"product_cat":[800],"product_tag":[],"class_list":{"0":"post-25167","1":"product","2":"type-product","3":"status-publish","4":"has-post-thumbnail","6":"product_brand-theiss","7":"product_cat-m","8":"pa_packungsgroesse-200ml","10":"first","11":"instock","12":"shipping-taxable","13":"purchasable","14":"product-type-simple"},"acf":[],"_links":{"self":[{"href":"https:\/\/www.ernstbrunn-apotheke.at\/katalog\/wp-json\/wp\/v2\/product\/25167","targetHints":{"allow":["GET"]}}],"collection":[{"href":"https:\/\/www.ernstbrunn-apotheke.at\/katalog\/wp-json\/wp\/v2\/product"}],"about":[{"href":"https:\/\/www.ernstbrunn-apotheke.at\/katalog\/wp-json\/wp\/v2\/types\/product"}],"wp:featuredmedia":[{"embeddable":true,"href":"https:\/\/www.ernstbrunn-apotheke.at\/katalog\/wp-json\/wp\/v2\/media\/25169"}],"wp:attachment":[{"href":"https:\/\/www.ernstbrunn-apotheke.at\/katalog\/wp-json\/wp\/v2\/media?parent=25167"}],"wp:term":[{"taxonomy":"product_brand","embeddable":true,"href":"https:\/\/www.ernstbrunn-apotheke.at\/katalog\/wp-json\/wp\/v2\/product_brand?post=25167"},{"taxonomy":"product_cat","embeddable":true,"href":"https:\/\/www.ernstbrunn-apotheke.at\/katalog\/wp-json\/wp\/v2\/product_cat?post=25167"},{"taxonomy":"product_tag","embeddable":true,"href":"https:\/\/www.ernstbrunn-apotheke.at\/katalog\/wp-json\/wp\/v2\/product_tag?post=25167"}],"curies":[{"name":"wp","href":"https:\/\/api.w.org\/{rel}","templated":true}]}}