{"id":25106,"date":"2025-11-07T23:09:08","date_gmt":"2025-11-07T22:09:08","guid":{"rendered":"https:\/\/www.ernstbrunn-apotheke.at\/katalog\/produkt\/rausch-dry-shampoo-fresh-50-ml\/"},"modified":"2025-12-08T14:44:21","modified_gmt":"2025-12-08T13:44:21","slug":"rausch-dry-shampoo-fresh-50-ml","status":"publish","type":"product","link":"https:\/\/www.ernstbrunn-apotheke.at\/katalog\/produkt\/rausch-dry-shampoo-fresh-50-ml\/","title":{"rendered":"Rausch Dry Shampoo Fresh 50 ml"},"content":{"rendered":"<p>Rausch Dry Shampoo 50 ml ist ein Trockenshampoo, das intensives Volumen und Frische verleiht. Ihre Haare werden durch die nat\u00fcrlichen Inhaltsstoffe der Schweizer Aronia gepflegt und gesch\u00fctzt. Zus\u00e4tzlich spenden Weizen und Sonnenblume Feuchtigkeit und machen Ihr Haar geschmeidig &#8211; jetzt online bestellen und versandkostenfreie* Lieferung nutzen!<\/p>\n","protected":false},"excerpt":{"rendered":"<p>Rausch Dry Shampoo 50 ml ist ein Trockenshampoo, das intensives Volumen und Frische verleiht. Ihre Haare werden durch die nat\u00fcrlichen Inhaltsstoffe der Schweizer Aronia gepflegt und gesch\u00fctzt. Zus\u00e4tzlich spenden Weizen und Sonnenblume Feuchtigkeit und machen Ihr Haar geschmeidig &#8211; jetzt online bestellen und versandkostenfreie* Lieferung nutzen!<\/p>\n","protected":false},"featured_media":25108,"template":"","meta":{"_acf_changed":false},"product_brand":[648],"product_cat":[808],"product_tag":[],"class_list":{"0":"post-25106","1":"product","2":"type-product","3":"status-publish","4":"has-post-thumbnail","6":"product_brand-rausch","7":"product_cat-r","8":"pa_packungsgroesse-50ml","10":"first","11":"instock","12":"shipping-taxable","13":"purchasable","14":"product-type-simple"},"acf":[],"_links":{"self":[{"href":"https:\/\/www.ernstbrunn-apotheke.at\/katalog\/wp-json\/wp\/v2\/product\/25106","targetHints":{"allow":["GET"]}}],"collection":[{"href":"https:\/\/www.ernstbrunn-apotheke.at\/katalog\/wp-json\/wp\/v2\/product"}],"about":[{"href":"https:\/\/www.ernstbrunn-apotheke.at\/katalog\/wp-json\/wp\/v2\/types\/product"}],"wp:featuredmedia":[{"embeddable":true,"href":"https:\/\/www.ernstbrunn-apotheke.at\/katalog\/wp-json\/wp\/v2\/media\/25108"}],"wp:attachment":[{"href":"https:\/\/www.ernstbrunn-apotheke.at\/katalog\/wp-json\/wp\/v2\/media?parent=25106"}],"wp:term":[{"taxonomy":"product_brand","embeddable":true,"href":"https:\/\/www.ernstbrunn-apotheke.at\/katalog\/wp-json\/wp\/v2\/product_brand?post=25106"},{"taxonomy":"product_cat","embeddable":true,"href":"https:\/\/www.ernstbrunn-apotheke.at\/katalog\/wp-json\/wp\/v2\/product_cat?post=25106"},{"taxonomy":"product_tag","embeddable":true,"href":"https:\/\/www.ernstbrunn-apotheke.at\/katalog\/wp-json\/wp\/v2\/product_tag?post=25106"}],"curies":[{"name":"wp","href":"https:\/\/api.w.org\/{rel}","templated":true}]}}