{"id":25085,"date":"2025-11-07T23:09:08","date_gmt":"2025-11-07T22:09:08","guid":{"rendered":"https:\/\/www.ernstbrunn-apotheke.at\/katalog\/produkt\/aqeo-shampoo-200-ml-2\/"},"modified":"2025-12-08T14:44:16","modified_gmt":"2025-12-08T13:44:16","slug":"aqeo-shampoo-200-ml-2","status":"publish","type":"product","link":"https:\/\/www.ernstbrunn-apotheke.at\/katalog\/produkt\/aqeo-shampoo-200-ml-2\/","title":{"rendered":"Aqeo Shampoo 200 ml"},"content":{"rendered":"<p>aqeo\u00ae Shampoo 200 ml wurde speziell f\u00fcr psoriatische Haut entwickelt. Provitamin B5 (Panthenol) pflegt das Haar und sch\u00fctzt die Kopfhaut vor dem Austrocknen, nat\u00fcrliche Lipide stabilisieren die Hautbarriere. aqeo\u00ae Shampoo ist besonders hautvertr\u00e4glich und reinigt sanft Haar und Kopfhaut und ist zur therapiebegleitenden Pflege bei Schuppenflechte geeignet<\/p>\n","protected":false},"excerpt":{"rendered":"<p>aqeo\u00ae Shampoo 200 ml wurde speziell f\u00fcr psoriatische Haut entwickelt. Provitamin B5 (Panthenol) pflegt das Haar und sch\u00fctzt die Kopfhaut vor dem Austrocknen, nat\u00fcrliche Lipide stabilisieren die Hautbarriere. aqeo\u00ae Shampoo ist besonders hautvertr\u00e4glich und reinigt sanft Haar und Kopfhaut und ist zur therapiebegleitenden Pflege bei Schuppenflechte geeignet<\/p>\n","protected":false},"featured_media":25087,"template":"","meta":{"_acf_changed":false},"product_brand":[],"product_cat":[801],"product_tag":[],"class_list":{"0":"post-25085","1":"product","2":"type-product","3":"status-publish","4":"has-post-thumbnail","6":"product_cat-a","7":"pa_packungsgroesse-200ml","9":"first","10":"instock","11":"shipping-taxable","12":"purchasable","13":"product-type-simple"},"acf":[],"_links":{"self":[{"href":"https:\/\/www.ernstbrunn-apotheke.at\/katalog\/wp-json\/wp\/v2\/product\/25085","targetHints":{"allow":["GET"]}}],"collection":[{"href":"https:\/\/www.ernstbrunn-apotheke.at\/katalog\/wp-json\/wp\/v2\/product"}],"about":[{"href":"https:\/\/www.ernstbrunn-apotheke.at\/katalog\/wp-json\/wp\/v2\/types\/product"}],"wp:featuredmedia":[{"embeddable":true,"href":"https:\/\/www.ernstbrunn-apotheke.at\/katalog\/wp-json\/wp\/v2\/media\/25087"}],"wp:attachment":[{"href":"https:\/\/www.ernstbrunn-apotheke.at\/katalog\/wp-json\/wp\/v2\/media?parent=25085"}],"wp:term":[{"taxonomy":"product_brand","embeddable":true,"href":"https:\/\/www.ernstbrunn-apotheke.at\/katalog\/wp-json\/wp\/v2\/product_brand?post=25085"},{"taxonomy":"product_cat","embeddable":true,"href":"https:\/\/www.ernstbrunn-apotheke.at\/katalog\/wp-json\/wp\/v2\/product_cat?post=25085"},{"taxonomy":"product_tag","embeddable":true,"href":"https:\/\/www.ernstbrunn-apotheke.at\/katalog\/wp-json\/wp\/v2\/product_tag?post=25085"}],"curies":[{"name":"wp","href":"https:\/\/api.w.org\/{rel}","templated":true}]}}