{"id":25073,"date":"2025-11-07T23:09:08","date_gmt":"2025-11-07T22:09:08","guid":{"rendered":"https:\/\/www.ernstbrunn-apotheke.at\/katalog\/produkt\/medipharma-cosmetics-shampoo-200-ml-olivenoel\/"},"modified":"2025-12-08T14:44:11","modified_gmt":"2025-12-08T13:44:11","slug":"medipharma-cosmetics-shampoo-200-ml-olivenoel","status":"publish","type":"product","link":"https:\/\/www.ernstbrunn-apotheke.at\/katalog\/produkt\/medipharma-cosmetics-shampoo-200-ml-olivenoel\/","title":{"rendered":"Medipharma Cosmetics Shampoo 200 ml Oliven\u00f6l"},"content":{"rendered":"<p>Medipharma Cosmetics Shampoo pflegt Ihr Haar besonders mild und schonend. Eine individuelle Pflege, die dem Haar wieder Glanz und Vitalit\u00e4t verleiht. Dieses Shampoo l\u00e4\u00dft t\u00e4gliches Haarwaschen zu einem Erlebnis werden.<\/p>\n","protected":false},"excerpt":{"rendered":"<p>Medipharma Cosmetics Shampoo pflegt Ihr Haar besonders mild und schonend. Eine individuelle Pflege, die dem Haar wieder Glanz und Vitalit\u00e4t verleiht. Dieses Shampoo l\u00e4\u00dft t\u00e4gliches Haarwaschen zu einem Erlebnis werden.<\/p>\n","protected":false},"featured_media":25075,"template":"","meta":{"_acf_changed":false},"product_brand":[685],"product_cat":[800],"product_tag":[],"class_list":{"0":"post-25073","1":"product","2":"type-product","3":"status-publish","4":"has-post-thumbnail","6":"product_brand-olivenoel-theiss","7":"product_cat-m","8":"pa_packungsgroesse-200ml","10":"first","11":"instock","12":"shipping-taxable","13":"purchasable","14":"product-type-simple"},"acf":[],"_links":{"self":[{"href":"https:\/\/www.ernstbrunn-apotheke.at\/katalog\/wp-json\/wp\/v2\/product\/25073","targetHints":{"allow":["GET"]}}],"collection":[{"href":"https:\/\/www.ernstbrunn-apotheke.at\/katalog\/wp-json\/wp\/v2\/product"}],"about":[{"href":"https:\/\/www.ernstbrunn-apotheke.at\/katalog\/wp-json\/wp\/v2\/types\/product"}],"wp:featuredmedia":[{"embeddable":true,"href":"https:\/\/www.ernstbrunn-apotheke.at\/katalog\/wp-json\/wp\/v2\/media\/25075"}],"wp:attachment":[{"href":"https:\/\/www.ernstbrunn-apotheke.at\/katalog\/wp-json\/wp\/v2\/media?parent=25073"}],"wp:term":[{"taxonomy":"product_brand","embeddable":true,"href":"https:\/\/www.ernstbrunn-apotheke.at\/katalog\/wp-json\/wp\/v2\/product_brand?post=25073"},{"taxonomy":"product_cat","embeddable":true,"href":"https:\/\/www.ernstbrunn-apotheke.at\/katalog\/wp-json\/wp\/v2\/product_cat?post=25073"},{"taxonomy":"product_tag","embeddable":true,"href":"https:\/\/www.ernstbrunn-apotheke.at\/katalog\/wp-json\/wp\/v2\/product_tag?post=25073"}],"curies":[{"name":"wp","href":"https:\/\/api.w.org\/{rel}","templated":true}]}}