{"id":25047,"date":"2025-11-07T23:08:25","date_gmt":"2025-11-07T22:08:25","guid":{"rendered":"https:\/\/www.ernstbrunn-apotheke.at\/katalog\/produkt\/plantur-39-coffein-tonikum-200-ml\/"},"modified":"2025-12-08T14:44:01","modified_gmt":"2025-12-08T13:44:01","slug":"plantur-39-coffein-tonikum-200-ml","status":"publish","type":"product","link":"https:\/\/www.ernstbrunn-apotheke.at\/katalog\/produkt\/plantur-39-coffein-tonikum-200-ml\/","title":{"rendered":"Plantur 39 Coffein Tonikum 200 ml"},"content":{"rendered":"<p>F\u00fcr kr\u00e4ftigen Haarwuchs und festes Haar ab VierzigDie coffeinhaltige Rezeptur dieses Tonikums tr\u00e4gt dazu bei, dass das Haarwachstum nach der Menopause (Wechseljahre) nicht erschlafft.Einmal t\u00e4glich mit der Dosierspitze direkt auf die Kopfhaut auftragen und gleichm\u00e4\u00dfig einmassieren. Kurz trocknen lassen. Danach das Haar durchb\u00fcrsten und wie gewohnt frisieren. Nicht aussp\u00fclen!Verwenden Sie f\u00fcr die Haarw\u00e4sche nur die auf Ihr Haar abgestimmten Coffein-Shampoos von Plantur39.Wirkstoffe:Aqua, Alcohol Denat., Glycerin, Panthenol, Parfum, PEG-40 Hydrogenated Castor Oil, Caffeine, Acrylates\/C10-30 Alkyl Acrylate Crosspolymer, Tromethamine, Zinc PCA, Hexyl Cinnamal, Maltodextrin, Niacinamide, Glycine Soja Seed Extract, Limonene, Linalool, Citronellol, Alpha-Isomethyl Ionone, Geraniol, Citric Acid, BHT.<\/p>\n","protected":false},"excerpt":{"rendered":"<p>F\u00fcr kr\u00e4ftigen Haarwuchs und festes Haar ab VierzigDie coffeinhaltige Rezeptur dieses Tonikums tr\u00e4gt dazu bei, dass das Haarwachstum nach der Menopause (Wechseljahre) nicht erschlafft.Einmal t\u00e4glich mit der Dosierspitze direkt auf die Kopfhaut auftragen und gleichm\u00e4\u00dfig einmassieren. Kurz trocknen lassen. Danach das Haar durchb\u00fcrsten und wie gewohnt frisieren. Nicht aussp\u00fclen!Verwenden Sie f\u00fcr die Haarw\u00e4sche nur die [&hellip;]<\/p>\n","protected":false},"featured_media":25049,"template":"","meta":{"_acf_changed":false},"product_brand":[643],"product_cat":[793],"product_tag":[],"class_list":{"0":"post-25047","1":"product","2":"type-product","3":"status-publish","4":"has-post-thumbnail","6":"product_brand-plantur","7":"product_cat-p","8":"pa_packungsgroesse-200ml","10":"first","11":"instock","12":"shipping-taxable","13":"purchasable","14":"product-type-simple"},"acf":[],"_links":{"self":[{"href":"https:\/\/www.ernstbrunn-apotheke.at\/katalog\/wp-json\/wp\/v2\/product\/25047","targetHints":{"allow":["GET"]}}],"collection":[{"href":"https:\/\/www.ernstbrunn-apotheke.at\/katalog\/wp-json\/wp\/v2\/product"}],"about":[{"href":"https:\/\/www.ernstbrunn-apotheke.at\/katalog\/wp-json\/wp\/v2\/types\/product"}],"wp:featuredmedia":[{"embeddable":true,"href":"https:\/\/www.ernstbrunn-apotheke.at\/katalog\/wp-json\/wp\/v2\/media\/25049"}],"wp:attachment":[{"href":"https:\/\/www.ernstbrunn-apotheke.at\/katalog\/wp-json\/wp\/v2\/media?parent=25047"}],"wp:term":[{"taxonomy":"product_brand","embeddable":true,"href":"https:\/\/www.ernstbrunn-apotheke.at\/katalog\/wp-json\/wp\/v2\/product_brand?post=25047"},{"taxonomy":"product_cat","embeddable":true,"href":"https:\/\/www.ernstbrunn-apotheke.at\/katalog\/wp-json\/wp\/v2\/product_cat?post=25047"},{"taxonomy":"product_tag","embeddable":true,"href":"https:\/\/www.ernstbrunn-apotheke.at\/katalog\/wp-json\/wp\/v2\/product_tag?post=25047"}],"curies":[{"name":"wp","href":"https:\/\/api.w.org\/{rel}","templated":true}]}}