{"id":25018,"date":"2025-11-07T23:07:30","date_gmt":"2025-11-07T22:07:30","guid":{"rendered":"https:\/\/www.ernstbrunn-apotheke.at\/katalog\/produkt\/rausch-weizenkeim-feuchtigkeits-spray-100-ml\/"},"modified":"2025-12-08T14:43:55","modified_gmt":"2025-12-08T13:43:55","slug":"rausch-weizenkeim-feuchtigkeits-spray-100-ml","status":"publish","type":"product","link":"https:\/\/www.ernstbrunn-apotheke.at\/katalog\/produkt\/rausch-weizenkeim-feuchtigkeits-spray-100-ml\/","title":{"rendered":"Rausch Weizenkeim Feuchtigkeits-Spray 100 ml"},"content":{"rendered":"<p>Rausch Feuchtigkeits-Spray Weizenkeim spendet dem Haar langanhaltend intensive Feuchtigkeit, sch\u00fctzt es vor sch\u00e4digenden UV-Strahlen und vor dem Austrocknen.Mit ausgew\u00e4hlten Pflanzenextrakten aus Weizenkeimen, Drachenfrucht und Feigen.<\/p>\n","protected":false},"excerpt":{"rendered":"<p>Rausch Feuchtigkeits-Spray Weizenkeim spendet dem Haar langanhaltend intensive Feuchtigkeit, sch\u00fctzt es vor sch\u00e4digenden UV-Strahlen und vor dem Austrocknen.Mit ausgew\u00e4hlten Pflanzenextrakten aus Weizenkeimen, Drachenfrucht und Feigen.<\/p>\n","protected":false},"featured_media":25020,"template":"","meta":{"_acf_changed":false},"product_brand":[648],"product_cat":[808],"product_tag":[],"class_list":{"0":"post-25018","1":"product","2":"type-product","3":"status-publish","4":"has-post-thumbnail","6":"product_brand-rausch","7":"product_cat-r","8":"pa_packungsgroesse-100ml","10":"first","11":"instock","12":"shipping-taxable","13":"purchasable","14":"product-type-simple"},"acf":[],"_links":{"self":[{"href":"https:\/\/www.ernstbrunn-apotheke.at\/katalog\/wp-json\/wp\/v2\/product\/25018","targetHints":{"allow":["GET"]}}],"collection":[{"href":"https:\/\/www.ernstbrunn-apotheke.at\/katalog\/wp-json\/wp\/v2\/product"}],"about":[{"href":"https:\/\/www.ernstbrunn-apotheke.at\/katalog\/wp-json\/wp\/v2\/types\/product"}],"wp:featuredmedia":[{"embeddable":true,"href":"https:\/\/www.ernstbrunn-apotheke.at\/katalog\/wp-json\/wp\/v2\/media\/25020"}],"wp:attachment":[{"href":"https:\/\/www.ernstbrunn-apotheke.at\/katalog\/wp-json\/wp\/v2\/media?parent=25018"}],"wp:term":[{"taxonomy":"product_brand","embeddable":true,"href":"https:\/\/www.ernstbrunn-apotheke.at\/katalog\/wp-json\/wp\/v2\/product_brand?post=25018"},{"taxonomy":"product_cat","embeddable":true,"href":"https:\/\/www.ernstbrunn-apotheke.at\/katalog\/wp-json\/wp\/v2\/product_cat?post=25018"},{"taxonomy":"product_tag","embeddable":true,"href":"https:\/\/www.ernstbrunn-apotheke.at\/katalog\/wp-json\/wp\/v2\/product_tag?post=25018"}],"curies":[{"name":"wp","href":"https:\/\/api.w.org\/{rel}","templated":true}]}}