{"id":24925,"date":"2025-11-07T23:06:41","date_gmt":"2025-11-07T22:06:41","guid":{"rendered":"https:\/\/www.ernstbrunn-apotheke.at\/katalog\/produkt\/vichy-dercos-aminexil-clinical-5-maenner-ampullen-kur-behandlung-gegen-haarausfall\/"},"modified":"2025-12-08T14:43:33","modified_gmt":"2025-12-08T13:43:33","slug":"vichy-dercos-aminexil-clinical-5-maenner-ampullen-kur-behandlung-gegen-haarausfall","status":"publish","type":"product","link":"https:\/\/www.ernstbrunn-apotheke.at\/katalog\/produkt\/vichy-dercos-aminexil-clinical-5-maenner-ampullen-kur-behandlung-gegen-haarausfall\/","title":{"rendered":"Vichy DERCOS Aminexil Clinical 5 M\u00e4nner Ampullen-Kur &#8211; Behandlung gegen Haarausfall"},"content":{"rendered":"<p>VICHY Dercos Aminexil Clinical 5 M\u00e4nner ist eine Ampullen-Kur zur Behandlung von Haarausfall speziell f\u00fcr M\u00e4nner.<\/p>\n","protected":false},"excerpt":{"rendered":"<p>VICHY Dercos Aminexil Clinical 5 M\u00e4nner ist eine Ampullen-Kur zur Behandlung von Haarausfall speziell f\u00fcr M\u00e4nner.<\/p>\n","protected":false},"featured_media":24927,"template":"","meta":{"_acf_changed":false},"product_brand":[675],"product_cat":[799],"product_tag":[],"class_list":{"0":"post-24925","1":"product","2":"type-product","3":"status-publish","4":"has-post-thumbnail","6":"product_brand-vichy","7":"product_cat-v","8":"pa_packungsgroesse-21-stueck","10":"first","11":"instock","12":"shipping-taxable","13":"purchasable","14":"product-type-simple"},"acf":[],"_links":{"self":[{"href":"https:\/\/www.ernstbrunn-apotheke.at\/katalog\/wp-json\/wp\/v2\/product\/24925","targetHints":{"allow":["GET"]}}],"collection":[{"href":"https:\/\/www.ernstbrunn-apotheke.at\/katalog\/wp-json\/wp\/v2\/product"}],"about":[{"href":"https:\/\/www.ernstbrunn-apotheke.at\/katalog\/wp-json\/wp\/v2\/types\/product"}],"wp:featuredmedia":[{"embeddable":true,"href":"https:\/\/www.ernstbrunn-apotheke.at\/katalog\/wp-json\/wp\/v2\/media\/24927"}],"wp:attachment":[{"href":"https:\/\/www.ernstbrunn-apotheke.at\/katalog\/wp-json\/wp\/v2\/media?parent=24925"}],"wp:term":[{"taxonomy":"product_brand","embeddable":true,"href":"https:\/\/www.ernstbrunn-apotheke.at\/katalog\/wp-json\/wp\/v2\/product_brand?post=24925"},{"taxonomy":"product_cat","embeddable":true,"href":"https:\/\/www.ernstbrunn-apotheke.at\/katalog\/wp-json\/wp\/v2\/product_cat?post=24925"},{"taxonomy":"product_tag","embeddable":true,"href":"https:\/\/www.ernstbrunn-apotheke.at\/katalog\/wp-json\/wp\/v2\/product_tag?post=24925"}],"curies":[{"name":"wp","href":"https:\/\/api.w.org\/{rel}","templated":true}]}}