{"id":24921,"date":"2025-11-07T23:06:41","date_gmt":"2025-11-07T22:06:41","guid":{"rendered":"https:\/\/www.ernstbrunn-apotheke.at\/katalog\/produkt\/alpecin-coffein-liquid-haarwasser-200-ml\/"},"modified":"2025-12-08T14:43:32","modified_gmt":"2025-12-08T13:43:32","slug":"alpecin-coffein-liquid-haarwasser-200-ml","status":"publish","type":"product","link":"https:\/\/www.ernstbrunn-apotheke.at\/katalog\/produkt\/alpecin-coffein-liquid-haarwasser-200-ml\/","title":{"rendered":"Alpecin Coffein Liquid Haarwasser 200 ml"},"content":{"rendered":"<p>Die coffeinhaltige Wirkstoffkombination des Alpecin Coffein-Liquid h\u00e4lt die Haarwurzeln wach und tr\u00e4gt dazu bei, ihre Wachstumsphasen l\u00e4nger auszudehnen als erblich vorgesehen.<\/p>\n","protected":false},"excerpt":{"rendered":"<p>Die coffeinhaltige Wirkstoffkombination des Alpecin Coffein-Liquid h\u00e4lt die Haarwurzeln wach und tr\u00e4gt dazu bei, ihre Wachstumsphasen l\u00e4nger auszudehnen als erblich vorgesehen.<\/p>\n","protected":false},"featured_media":24923,"template":"","meta":{"_acf_changed":false},"product_brand":[717],"product_cat":[801],"product_tag":[],"class_list":{"0":"post-24921","1":"product","2":"type-product","3":"status-publish","4":"has-post-thumbnail","6":"product_brand-alpecin","7":"product_cat-a","8":"pa_packungsgroesse-200ml","10":"first","11":"instock","12":"shipping-taxable","13":"purchasable","14":"product-type-simple"},"acf":[],"_links":{"self":[{"href":"https:\/\/www.ernstbrunn-apotheke.at\/katalog\/wp-json\/wp\/v2\/product\/24921","targetHints":{"allow":["GET"]}}],"collection":[{"href":"https:\/\/www.ernstbrunn-apotheke.at\/katalog\/wp-json\/wp\/v2\/product"}],"about":[{"href":"https:\/\/www.ernstbrunn-apotheke.at\/katalog\/wp-json\/wp\/v2\/types\/product"}],"wp:featuredmedia":[{"embeddable":true,"href":"https:\/\/www.ernstbrunn-apotheke.at\/katalog\/wp-json\/wp\/v2\/media\/24923"}],"wp:attachment":[{"href":"https:\/\/www.ernstbrunn-apotheke.at\/katalog\/wp-json\/wp\/v2\/media?parent=24921"}],"wp:term":[{"taxonomy":"product_brand","embeddable":true,"href":"https:\/\/www.ernstbrunn-apotheke.at\/katalog\/wp-json\/wp\/v2\/product_brand?post=24921"},{"taxonomy":"product_cat","embeddable":true,"href":"https:\/\/www.ernstbrunn-apotheke.at\/katalog\/wp-json\/wp\/v2\/product_cat?post=24921"},{"taxonomy":"product_tag","embeddable":true,"href":"https:\/\/www.ernstbrunn-apotheke.at\/katalog\/wp-json\/wp\/v2\/product_tag?post=24921"}],"curies":[{"name":"wp","href":"https:\/\/api.w.org\/{rel}","templated":true}]}}