{"id":24917,"date":"2025-11-07T23:06:41","date_gmt":"2025-11-07T22:06:41","guid":{"rendered":"https:\/\/www.ernstbrunn-apotheke.at\/katalog\/produkt\/rausch-amaranth-repair-spuelung-200-ml\/"},"modified":"2025-12-08T14:43:31","modified_gmt":"2025-12-08T13:43:31","slug":"rausch-amaranth-repair-spuelung-200-ml","status":"publish","type":"product","link":"https:\/\/www.ernstbrunn-apotheke.at\/katalog\/produkt\/rausch-amaranth-repair-spuelung-200-ml\/","title":{"rendered":"Rausch Amaranth Repair Sp\u00fclung 200 ml"},"content":{"rendered":"<p>Rausch Amaranth Repair Sp\u00fclung verleiht gesch\u00e4digtem Haar Geschmeidigkeit und Glanz. Gleicht por\u00f6se Stellen in der Haarstruktur aus, das Haar gewinnt an Elastizit\u00e4t.Ein bezauberndes Duft- und Frische-Erlebnis. Mit ausgew\u00e4hlten Extrakten aus Quinoa, Kamillenbl\u00fcten sowie mit Amaranth-\u00d6l.<\/p>\n","protected":false},"excerpt":{"rendered":"<p>Rausch Amaranth Repair Sp\u00fclung verleiht gesch\u00e4digtem Haar Geschmeidigkeit und Glanz. Gleicht por\u00f6se Stellen in der Haarstruktur aus, das Haar gewinnt an Elastizit\u00e4t.Ein bezauberndes Duft- und Frische-Erlebnis. Mit ausgew\u00e4hlten Extrakten aus Quinoa, Kamillenbl\u00fcten sowie mit Amaranth-\u00d6l.<\/p>\n","protected":false},"featured_media":24919,"template":"","meta":{"_acf_changed":false},"product_brand":[648],"product_cat":[808],"product_tag":[],"class_list":{"0":"post-24917","1":"product","2":"type-product","3":"status-publish","4":"has-post-thumbnail","6":"product_brand-rausch","7":"product_cat-r","8":"pa_packungsgroesse-200ml","10":"first","11":"instock","12":"shipping-taxable","13":"purchasable","14":"product-type-simple"},"acf":[],"_links":{"self":[{"href":"https:\/\/www.ernstbrunn-apotheke.at\/katalog\/wp-json\/wp\/v2\/product\/24917","targetHints":{"allow":["GET"]}}],"collection":[{"href":"https:\/\/www.ernstbrunn-apotheke.at\/katalog\/wp-json\/wp\/v2\/product"}],"about":[{"href":"https:\/\/www.ernstbrunn-apotheke.at\/katalog\/wp-json\/wp\/v2\/types\/product"}],"wp:featuredmedia":[{"embeddable":true,"href":"https:\/\/www.ernstbrunn-apotheke.at\/katalog\/wp-json\/wp\/v2\/media\/24919"}],"wp:attachment":[{"href":"https:\/\/www.ernstbrunn-apotheke.at\/katalog\/wp-json\/wp\/v2\/media?parent=24917"}],"wp:term":[{"taxonomy":"product_brand","embeddable":true,"href":"https:\/\/www.ernstbrunn-apotheke.at\/katalog\/wp-json\/wp\/v2\/product_brand?post=24917"},{"taxonomy":"product_cat","embeddable":true,"href":"https:\/\/www.ernstbrunn-apotheke.at\/katalog\/wp-json\/wp\/v2\/product_cat?post=24917"},{"taxonomy":"product_tag","embeddable":true,"href":"https:\/\/www.ernstbrunn-apotheke.at\/katalog\/wp-json\/wp\/v2\/product_tag?post=24917"}],"curies":[{"name":"wp","href":"https:\/\/api.w.org\/{rel}","templated":true}]}}