{"id":24883,"date":"2025-11-07T23:05:52","date_gmt":"2025-11-07T22:05:52","guid":{"rendered":"https:\/\/www.ernstbrunn-apotheke.at\/katalog\/produkt\/rausch-weizenkeim-naehr-spuelung-200-ml\/"},"modified":"2025-12-08T14:43:18","modified_gmt":"2025-12-08T13:43:18","slug":"rausch-weizenkeim-naehr-spuelung-200-ml","status":"publish","type":"product","link":"https:\/\/www.ernstbrunn-apotheke.at\/katalog\/produkt\/rausch-weizenkeim-naehr-spuelung-200-ml\/","title":{"rendered":"Rausch Weizenkeim N\u00e4hr-Sp\u00fclung 200 ml"},"content":{"rendered":"<p>Rausch N\u00e4hr-Sp\u00fclung umh\u00fcllt Ihr trockenes Haar mit reichhaltiger Feuchtigkeit und pflegt es mit essentiellen N\u00e4hrstoffen. Extrakte aus Weizenkeimen und Zinnkraut verleihen Ihrem Haar sp\u00fcrbar mehr Geschmeidigkeit und nat\u00fcrlichen Glanz.<\/p>\n","protected":false},"excerpt":{"rendered":"<p>Rausch N\u00e4hr-Sp\u00fclung umh\u00fcllt Ihr trockenes Haar mit reichhaltiger Feuchtigkeit und pflegt es mit essentiellen N\u00e4hrstoffen. Extrakte aus Weizenkeimen und Zinnkraut verleihen Ihrem Haar sp\u00fcrbar mehr Geschmeidigkeit und nat\u00fcrlichen Glanz.<\/p>\n","protected":false},"featured_media":24885,"template":"","meta":{"_acf_changed":false},"product_brand":[648],"product_cat":[808],"product_tag":[],"class_list":{"0":"post-24883","1":"product","2":"type-product","3":"status-publish","4":"has-post-thumbnail","6":"product_brand-rausch","7":"product_cat-r","8":"pa_packungsgroesse-200ml","10":"first","11":"instock","12":"shipping-taxable","13":"purchasable","14":"product-type-simple"},"acf":[],"_links":{"self":[{"href":"https:\/\/www.ernstbrunn-apotheke.at\/katalog\/wp-json\/wp\/v2\/product\/24883","targetHints":{"allow":["GET"]}}],"collection":[{"href":"https:\/\/www.ernstbrunn-apotheke.at\/katalog\/wp-json\/wp\/v2\/product"}],"about":[{"href":"https:\/\/www.ernstbrunn-apotheke.at\/katalog\/wp-json\/wp\/v2\/types\/product"}],"wp:featuredmedia":[{"embeddable":true,"href":"https:\/\/www.ernstbrunn-apotheke.at\/katalog\/wp-json\/wp\/v2\/media\/24885"}],"wp:attachment":[{"href":"https:\/\/www.ernstbrunn-apotheke.at\/katalog\/wp-json\/wp\/v2\/media?parent=24883"}],"wp:term":[{"taxonomy":"product_brand","embeddable":true,"href":"https:\/\/www.ernstbrunn-apotheke.at\/katalog\/wp-json\/wp\/v2\/product_brand?post=24883"},{"taxonomy":"product_cat","embeddable":true,"href":"https:\/\/www.ernstbrunn-apotheke.at\/katalog\/wp-json\/wp\/v2\/product_cat?post=24883"},{"taxonomy":"product_tag","embeddable":true,"href":"https:\/\/www.ernstbrunn-apotheke.at\/katalog\/wp-json\/wp\/v2\/product_tag?post=24883"}],"curies":[{"name":"wp","href":"https:\/\/api.w.org\/{rel}","templated":true}]}}