{"id":24821,"date":"2025-11-07T23:04:53","date_gmt":"2025-11-07T22:04:53","guid":{"rendered":"https:\/\/www.ernstbrunn-apotheke.at\/katalog\/produkt\/plantur-39-shampoo-coffein-250-ml-feines-haar\/"},"modified":"2025-12-08T14:42:59","modified_gmt":"2025-12-08T13:42:59","slug":"plantur-39-shampoo-coffein-250-ml-feines-haar","status":"publish","type":"product","link":"https:\/\/www.ernstbrunn-apotheke.at\/katalog\/produkt\/plantur-39-shampoo-coffein-250-ml-feines-haar\/","title":{"rendered":"Plantur 39 Shampoo Coffein 250 ml Feines Haar"},"content":{"rendered":"<p>Die Haarwurzel der Frau ist bis zur Menopause (Wechseljahre) durch einen hohen Anteil weiblicher Hormone (\u00d6strogen) gesch\u00fctzt. Danach sinkt dieser Anteil und der Einfluss der m\u00e4nnlichen Hormone nimmt zu.Die Folge:Das Haar wird d\u00fcnner, f\u00e4llt vorzeitig aus, die Kopfhaut wird sichtbar.Das Coffein, in diesen Shampoos beugt der hormon\u00adbedingten Ersch\u00f6pfung der Haarproduktion vor. Der Wirkstoff dringt schon bei der Haarw\u00e4sche bis in den Haarfollikel vor. (Nach 120 Sek. Einwirkzeit nachweisbar.)Das Coffein-Shampoo f\u00fcr feines, br\u00fcchiges Haar enth\u00e4lt bewusst nur schwach dosiert weichmachende Haarpflegestoffe, damit die Frisur ihr Volumen beh\u00e4lt.Zur Verbesserung der K\u00e4mmbarkeit wenden Sie am besten die Plantur 39 Struktur-Pflege an, die wichtige Haaraufbau- und Pflegestoffe enth\u00e4lt.Inhaltsstoffe: Aqua, Sodium Laureth Sulfate, Laureth-2, Panthenol, Disodium Laureth Sulfosuccinate, Sodium Chloride, Sodium Lauroyl Glutamate, Caffeine, Propylene Glycol, PEG-120 Methyl Glucose Dioleate, Parfum, Citric Acid, Sodium Citrate, Potassium Sorbate, Hydrolyzed Wheat Protein, Polyquaternium-7, Camellia Sinensis Extract, Hexyl Cinnamal, Sodium Benzoate, Zinc PCA, Niacinamide, Limonene, Linalool, Phenoxyethanol, Methylparaben, Butylparaben, Ethylparaben, Propylparaben.<\/p>\n","protected":false},"excerpt":{"rendered":"<p>Die Haarwurzel der Frau ist bis zur Menopause (Wechseljahre) durch einen hohen Anteil weiblicher Hormone (\u00d6strogen) gesch\u00fctzt. Danach sinkt dieser Anteil und der Einfluss der m\u00e4nnlichen Hormone nimmt zu.Die Folge:Das Haar wird d\u00fcnner, f\u00e4llt vorzeitig aus, die Kopfhaut wird sichtbar.Das Coffein, in diesen Shampoos beugt der hormon\u00adbedingten Ersch\u00f6pfung der Haarproduktion vor. Der Wirkstoff dringt schon [&hellip;]<\/p>\n","protected":false},"featured_media":24823,"template":"","meta":{"_acf_changed":false},"product_brand":[643],"product_cat":[793],"product_tag":[],"class_list":{"0":"post-24821","1":"product","2":"type-product","3":"status-publish","4":"has-post-thumbnail","6":"product_brand-plantur","7":"product_cat-p","8":"pa_packungsgroesse-250ml","10":"first","11":"instock","12":"shipping-taxable","13":"purchasable","14":"product-type-simple"},"acf":[],"_links":{"self":[{"href":"https:\/\/www.ernstbrunn-apotheke.at\/katalog\/wp-json\/wp\/v2\/product\/24821","targetHints":{"allow":["GET"]}}],"collection":[{"href":"https:\/\/www.ernstbrunn-apotheke.at\/katalog\/wp-json\/wp\/v2\/product"}],"about":[{"href":"https:\/\/www.ernstbrunn-apotheke.at\/katalog\/wp-json\/wp\/v2\/types\/product"}],"wp:featuredmedia":[{"embeddable":true,"href":"https:\/\/www.ernstbrunn-apotheke.at\/katalog\/wp-json\/wp\/v2\/media\/24823"}],"wp:attachment":[{"href":"https:\/\/www.ernstbrunn-apotheke.at\/katalog\/wp-json\/wp\/v2\/media?parent=24821"}],"wp:term":[{"taxonomy":"product_brand","embeddable":true,"href":"https:\/\/www.ernstbrunn-apotheke.at\/katalog\/wp-json\/wp\/v2\/product_brand?post=24821"},{"taxonomy":"product_cat","embeddable":true,"href":"https:\/\/www.ernstbrunn-apotheke.at\/katalog\/wp-json\/wp\/v2\/product_cat?post=24821"},{"taxonomy":"product_tag","embeddable":true,"href":"https:\/\/www.ernstbrunn-apotheke.at\/katalog\/wp-json\/wp\/v2\/product_tag?post=24821"}],"curies":[{"name":"wp","href":"https:\/\/api.w.org\/{rel}","templated":true}]}}