{"id":24813,"date":"2025-11-07T23:04:53","date_gmt":"2025-11-07T22:04:53","guid":{"rendered":"https:\/\/www.ernstbrunn-apotheke.at\/katalog\/produkt\/rausch-avocado-farbschutz-shampoo-200-ml\/"},"modified":"2025-12-08T14:42:56","modified_gmt":"2025-12-08T13:42:56","slug":"rausch-avocado-farbschutz-shampoo-200-ml","status":"publish","type":"product","link":"https:\/\/www.ernstbrunn-apotheke.at\/katalog\/produkt\/rausch-avocado-farbschutz-shampoo-200-ml\/","title":{"rendered":"Rausch Avocado Farbschutz-Shampoo 200 ml"},"content":{"rendered":"<p>Rausch Avocado Farbschutz Shampoo garantiert coloriertem, gestr\u00e4hntem Haar verl\u00e4ngerte, intensive Farb-Leuchtkraft und Glanz. Verhindert schnelles Ausbleichen.Mit kostbarem Avocado-\u00d6l und Zinnkrautextrakt.<\/p>\n","protected":false},"excerpt":{"rendered":"<p>Rausch Avocado Farbschutz Shampoo garantiert coloriertem, gestr\u00e4hntem Haar verl\u00e4ngerte, intensive Farb-Leuchtkraft und Glanz. Verhindert schnelles Ausbleichen.Mit kostbarem Avocado-\u00d6l und Zinnkrautextrakt.<\/p>\n","protected":false},"featured_media":24815,"template":"","meta":{"_acf_changed":false},"product_brand":[648],"product_cat":[808],"product_tag":[],"class_list":{"0":"post-24813","1":"product","2":"type-product","3":"status-publish","4":"has-post-thumbnail","6":"product_brand-rausch","7":"product_cat-r","8":"pa_farbe-creme","9":"pa_packungsgroesse-200ml","10":"pa_packungsgroesse-40ml","12":"first","13":"instock","14":"shipping-taxable","15":"purchasable","16":"product-type-simple"},"acf":[],"_links":{"self":[{"href":"https:\/\/www.ernstbrunn-apotheke.at\/katalog\/wp-json\/wp\/v2\/product\/24813","targetHints":{"allow":["GET"]}}],"collection":[{"href":"https:\/\/www.ernstbrunn-apotheke.at\/katalog\/wp-json\/wp\/v2\/product"}],"about":[{"href":"https:\/\/www.ernstbrunn-apotheke.at\/katalog\/wp-json\/wp\/v2\/types\/product"}],"wp:featuredmedia":[{"embeddable":true,"href":"https:\/\/www.ernstbrunn-apotheke.at\/katalog\/wp-json\/wp\/v2\/media\/24815"}],"wp:attachment":[{"href":"https:\/\/www.ernstbrunn-apotheke.at\/katalog\/wp-json\/wp\/v2\/media?parent=24813"}],"wp:term":[{"taxonomy":"product_brand","embeddable":true,"href":"https:\/\/www.ernstbrunn-apotheke.at\/katalog\/wp-json\/wp\/v2\/product_brand?post=24813"},{"taxonomy":"product_cat","embeddable":true,"href":"https:\/\/www.ernstbrunn-apotheke.at\/katalog\/wp-json\/wp\/v2\/product_cat?post=24813"},{"taxonomy":"product_tag","embeddable":true,"href":"https:\/\/www.ernstbrunn-apotheke.at\/katalog\/wp-json\/wp\/v2\/product_tag?post=24813"}],"curies":[{"name":"wp","href":"https:\/\/api.w.org\/{rel}","templated":true}]}}