{"id":24786,"date":"2025-11-07T23:03:53","date_gmt":"2025-11-07T22:03:53","guid":{"rendered":"https:\/\/www.ernstbrunn-apotheke.at\/katalog\/produkt\/eubos-shampoo-urea-5-200-ml\/"},"modified":"2025-12-08T14:42:49","modified_gmt":"2025-12-08T13:42:49","slug":"eubos-shampoo-urea-5-200-ml","status":"publish","type":"product","link":"https:\/\/www.ernstbrunn-apotheke.at\/katalog\/produkt\/eubos-shampoo-urea-5-200-ml\/","title":{"rendered":"Eubos Shampoo UREA 5% 200 ml"},"content":{"rendered":"<p>Eubos Urea 5% Shampoo ist eine medizinische Spezialreinigung f\u00fcr trockene, juckende Kopfhaut und beanspruchtes Haar. Sch\u00fctzt nachweislich vor Austrocknung. Auch f\u00fcr Kinder geeignet.<\/p>\n","protected":false},"excerpt":{"rendered":"<p>Eubos Urea 5% Shampoo ist eine medizinische Spezialreinigung f\u00fcr trockene, juckende Kopfhaut und beanspruchtes Haar. Sch\u00fctzt nachweislich vor Austrocknung. Auch f\u00fcr Kinder geeignet.<\/p>\n","protected":false},"featured_media":24788,"template":"","meta":{"_acf_changed":false},"product_brand":[694],"product_cat":[794],"product_tag":[],"class_list":{"0":"post-24786","1":"product","2":"type-product","3":"status-publish","4":"has-post-thumbnail","6":"product_brand-eubos","7":"product_cat-e","8":"pa_packungsgroesse-200ml","10":"first","11":"instock","12":"shipping-taxable","13":"purchasable","14":"product-type-simple"},"acf":[],"_links":{"self":[{"href":"https:\/\/www.ernstbrunn-apotheke.at\/katalog\/wp-json\/wp\/v2\/product\/24786","targetHints":{"allow":["GET"]}}],"collection":[{"href":"https:\/\/www.ernstbrunn-apotheke.at\/katalog\/wp-json\/wp\/v2\/product"}],"about":[{"href":"https:\/\/www.ernstbrunn-apotheke.at\/katalog\/wp-json\/wp\/v2\/types\/product"}],"wp:featuredmedia":[{"embeddable":true,"href":"https:\/\/www.ernstbrunn-apotheke.at\/katalog\/wp-json\/wp\/v2\/media\/24788"}],"wp:attachment":[{"href":"https:\/\/www.ernstbrunn-apotheke.at\/katalog\/wp-json\/wp\/v2\/media?parent=24786"}],"wp:term":[{"taxonomy":"product_brand","embeddable":true,"href":"https:\/\/www.ernstbrunn-apotheke.at\/katalog\/wp-json\/wp\/v2\/product_brand?post=24786"},{"taxonomy":"product_cat","embeddable":true,"href":"https:\/\/www.ernstbrunn-apotheke.at\/katalog\/wp-json\/wp\/v2\/product_cat?post=24786"},{"taxonomy":"product_tag","embeddable":true,"href":"https:\/\/www.ernstbrunn-apotheke.at\/katalog\/wp-json\/wp\/v2\/product_tag?post=24786"}],"curies":[{"name":"wp","href":"https:\/\/api.w.org\/{rel}","templated":true}]}}