{"id":24776,"date":"2025-11-07T23:03:53","date_gmt":"2025-11-07T22:03:53","guid":{"rendered":"https:\/\/www.ernstbrunn-apotheke.at\/katalog\/produkt\/pellife-scalp-loesung-100-ml\/"},"modified":"2025-12-08T14:42:48","modified_gmt":"2025-12-08T13:42:48","slug":"pellife-scalp-loesung-100-ml","status":"publish","type":"product","link":"https:\/\/www.ernstbrunn-apotheke.at\/katalog\/produkt\/pellife-scalp-loesung-100-ml\/","title":{"rendered":"PelLife Scalp L\u00f6sung 100 ml"},"content":{"rendered":"<p>PelLife Scalp L\u00f6sung ist die ideale Behandlung f\u00fcr irritierte Kopfhaut, die durch Allergien, chemische oder umweltbedingte Belastungen sowie hormonellen Stress hervorgerufen werden kann. Sie dient zur Linderung von Jucken, Brennen und R\u00f6tungen und beruhigt die Kopfhaut w\u00e4hrend oder nach einer Kortikosteroidbehandlung. Au\u00dferdemi ist die L\u00f6sung frei von Hormonen und Kortison..<\/p>\n","protected":false},"excerpt":{"rendered":"<p>PelLife Scalp L\u00f6sung ist die ideale Behandlung f\u00fcr irritierte Kopfhaut, die durch Allergien, chemische oder umweltbedingte Belastungen sowie hormonellen Stress hervorgerufen werden kann. Sie dient zur Linderung von Jucken, Brennen und R\u00f6tungen und beruhigt die Kopfhaut w\u00e4hrend oder nach einer Kortikosteroidbehandlung. Au\u00dferdemi ist die L\u00f6sung frei von Hormonen und Kortison..<\/p>\n","protected":false},"featured_media":24778,"template":"","meta":{"_acf_changed":false},"product_brand":[],"product_cat":[793],"product_tag":[],"class_list":{"0":"post-24776","1":"product","2":"type-product","3":"status-publish","4":"has-post-thumbnail","6":"product_cat-p","7":"pa_packungsgroesse-100ml","9":"first","10":"instock","11":"shipping-taxable","12":"purchasable","13":"product-type-simple"},"acf":[],"_links":{"self":[{"href":"https:\/\/www.ernstbrunn-apotheke.at\/katalog\/wp-json\/wp\/v2\/product\/24776","targetHints":{"allow":["GET"]}}],"collection":[{"href":"https:\/\/www.ernstbrunn-apotheke.at\/katalog\/wp-json\/wp\/v2\/product"}],"about":[{"href":"https:\/\/www.ernstbrunn-apotheke.at\/katalog\/wp-json\/wp\/v2\/types\/product"}],"wp:featuredmedia":[{"embeddable":true,"href":"https:\/\/www.ernstbrunn-apotheke.at\/katalog\/wp-json\/wp\/v2\/media\/24778"}],"wp:attachment":[{"href":"https:\/\/www.ernstbrunn-apotheke.at\/katalog\/wp-json\/wp\/v2\/media?parent=24776"}],"wp:term":[{"taxonomy":"product_brand","embeddable":true,"href":"https:\/\/www.ernstbrunn-apotheke.at\/katalog\/wp-json\/wp\/v2\/product_brand?post=24776"},{"taxonomy":"product_cat","embeddable":true,"href":"https:\/\/www.ernstbrunn-apotheke.at\/katalog\/wp-json\/wp\/v2\/product_cat?post=24776"},{"taxonomy":"product_tag","embeddable":true,"href":"https:\/\/www.ernstbrunn-apotheke.at\/katalog\/wp-json\/wp\/v2\/product_tag?post=24776"}],"curies":[{"name":"wp","href":"https:\/\/api.w.org\/{rel}","templated":true}]}}