{"id":24766,"date":"2025-11-07T23:03:53","date_gmt":"2025-11-07T22:03:53","guid":{"rendered":"https:\/\/www.ernstbrunn-apotheke.at\/katalog\/produkt\/seboral-antischuppen-shampoo-2-100-ml\/"},"modified":"2025-12-08T14:42:46","modified_gmt":"2025-12-08T13:42:46","slug":"seboral-antischuppen-shampoo-2-100-ml","status":"publish","type":"product","link":"https:\/\/www.ernstbrunn-apotheke.at\/katalog\/produkt\/seboral-antischuppen-shampoo-2-100-ml\/","title":{"rendered":"Seboral Antischuppen Shampoo 2% 100 ml"},"content":{"rendered":"<p>Seboral enth\u00e4lt die bew\u00e4hrte Substanz Ketoconazol. Es bek\u00e4mpft Schuppen sowie deren Ursachen und beugt neue Schuppenbildung vor. Seboral reinigt und pflegt Haar und Kopfhaut und ist f\u00fcr jeden Haartyp geeignet. Es enth\u00e4lt Kokusnuss\u00f6l zur R\u00fcckfettung und Pflege der Kopfhaut und ist auch zum Duschen geeignet<\/p>\n","protected":false},"excerpt":{"rendered":"<p>Seboral enth\u00e4lt die bew\u00e4hrte Substanz Ketoconazol. Es bek\u00e4mpft Schuppen sowie deren Ursachen und beugt neue Schuppenbildung vor. Seboral reinigt und pflegt Haar und Kopfhaut und ist f\u00fcr jeden Haartyp geeignet. Es enth\u00e4lt Kokusnuss\u00f6l zur R\u00fcckfettung und Pflege der Kopfhaut und ist auch zum Duschen geeignet<\/p>\n","protected":false},"featured_media":24768,"template":"","meta":{"_acf_changed":false},"product_brand":[],"product_cat":[791],"product_tag":[],"class_list":{"0":"post-24766","1":"product","2":"type-product","3":"status-publish","4":"has-post-thumbnail","6":"product_cat-s","7":"pa_packungsgroesse-100ml","9":"first","10":"instock","11":"shipping-taxable","12":"purchasable","13":"product-type-simple"},"acf":[],"_links":{"self":[{"href":"https:\/\/www.ernstbrunn-apotheke.at\/katalog\/wp-json\/wp\/v2\/product\/24766","targetHints":{"allow":["GET"]}}],"collection":[{"href":"https:\/\/www.ernstbrunn-apotheke.at\/katalog\/wp-json\/wp\/v2\/product"}],"about":[{"href":"https:\/\/www.ernstbrunn-apotheke.at\/katalog\/wp-json\/wp\/v2\/types\/product"}],"wp:featuredmedia":[{"embeddable":true,"href":"https:\/\/www.ernstbrunn-apotheke.at\/katalog\/wp-json\/wp\/v2\/media\/24768"}],"wp:attachment":[{"href":"https:\/\/www.ernstbrunn-apotheke.at\/katalog\/wp-json\/wp\/v2\/media?parent=24766"}],"wp:term":[{"taxonomy":"product_brand","embeddable":true,"href":"https:\/\/www.ernstbrunn-apotheke.at\/katalog\/wp-json\/wp\/v2\/product_brand?post=24766"},{"taxonomy":"product_cat","embeddable":true,"href":"https:\/\/www.ernstbrunn-apotheke.at\/katalog\/wp-json\/wp\/v2\/product_cat?post=24766"},{"taxonomy":"product_tag","embeddable":true,"href":"https:\/\/www.ernstbrunn-apotheke.at\/katalog\/wp-json\/wp\/v2\/product_tag?post=24766"}],"curies":[{"name":"wp","href":"https:\/\/api.w.org\/{rel}","templated":true}]}}