{"id":24727,"date":"2025-11-07T23:03:11","date_gmt":"2025-11-07T22:03:11","guid":{"rendered":"https:\/\/www.ernstbrunn-apotheke.at\/katalog\/produkt\/rausch-ei-oel-naehr-shampoo-200-ml\/"},"modified":"2025-12-08T14:42:35","modified_gmt":"2025-12-08T13:42:35","slug":"rausch-ei-oel-naehr-shampoo-200-ml","status":"publish","type":"product","link":"https:\/\/www.ernstbrunn-apotheke.at\/katalog\/produkt\/rausch-ei-oel-naehr-shampoo-200-ml\/","title":{"rendered":"Rausch Ei-\u00d6l N\u00e4hr-Shampoo 200 ml"},"content":{"rendered":"<p>Rausch Shampoo pflegt die trockene Haarstruktur, schenkt Geschmeidigkeit und Glanz. Mattes, spr\u00f6des Haar verwandelt sich in pure Vitalit\u00e4t. Mit hochwertigen Proteinen aus frischem H\u00fchnereigelb und Weizenkeimextrakt.<\/p>\n","protected":false},"excerpt":{"rendered":"<p>Rausch Shampoo pflegt die trockene Haarstruktur, schenkt Geschmeidigkeit und Glanz. Mattes, spr\u00f6des Haar verwandelt sich in pure Vitalit\u00e4t. Mit hochwertigen Proteinen aus frischem H\u00fchnereigelb und Weizenkeimextrakt.<\/p>\n","protected":false},"featured_media":24729,"template":"","meta":{"_acf_changed":false},"product_brand":[648],"product_cat":[808],"product_tag":[],"class_list":{"0":"post-24727","1":"product","2":"type-product","3":"status-publish","4":"has-post-thumbnail","6":"product_brand-rausch","7":"product_cat-r","8":"pa_farbe-gelb","9":"pa_packungsgroesse-200ml","11":"first","12":"instock","13":"shipping-taxable","14":"purchasable","15":"product-type-simple"},"acf":[],"_links":{"self":[{"href":"https:\/\/www.ernstbrunn-apotheke.at\/katalog\/wp-json\/wp\/v2\/product\/24727","targetHints":{"allow":["GET"]}}],"collection":[{"href":"https:\/\/www.ernstbrunn-apotheke.at\/katalog\/wp-json\/wp\/v2\/product"}],"about":[{"href":"https:\/\/www.ernstbrunn-apotheke.at\/katalog\/wp-json\/wp\/v2\/types\/product"}],"wp:featuredmedia":[{"embeddable":true,"href":"https:\/\/www.ernstbrunn-apotheke.at\/katalog\/wp-json\/wp\/v2\/media\/24729"}],"wp:attachment":[{"href":"https:\/\/www.ernstbrunn-apotheke.at\/katalog\/wp-json\/wp\/v2\/media?parent=24727"}],"wp:term":[{"taxonomy":"product_brand","embeddable":true,"href":"https:\/\/www.ernstbrunn-apotheke.at\/katalog\/wp-json\/wp\/v2\/product_brand?post=24727"},{"taxonomy":"product_cat","embeddable":true,"href":"https:\/\/www.ernstbrunn-apotheke.at\/katalog\/wp-json\/wp\/v2\/product_cat?post=24727"},{"taxonomy":"product_tag","embeddable":true,"href":"https:\/\/www.ernstbrunn-apotheke.at\/katalog\/wp-json\/wp\/v2\/product_tag?post=24727"}],"curies":[{"name":"wp","href":"https:\/\/api.w.org\/{rel}","templated":true}]}}