{"id":24709,"date":"2025-11-07T23:03:11","date_gmt":"2025-11-07T22:03:11","guid":{"rendered":"https:\/\/www.ernstbrunn-apotheke.at\/katalog\/produkt\/rausch-schweizer-kraeuter-pflege-shampoo-200-ml\/"},"modified":"2025-12-08T14:42:29","modified_gmt":"2025-12-08T13:42:29","slug":"rausch-schweizer-kraeuter-pflege-shampoo-200-ml","status":"publish","type":"product","link":"https:\/\/www.ernstbrunn-apotheke.at\/katalog\/produkt\/rausch-schweizer-kraeuter-pflege-shampoo-200-ml\/","title":{"rendered":"Rausch Schweizer Kr\u00e4uter Pflege-Shampoo 200 ml"},"content":{"rendered":"<p>Rausch Shampoo reinigt sanft und pflegt. Kr\u00e4ftigt und sch\u00fctzt die gesunde Kopfhaut und sch\u00f6nes Haar. Mit kostbaren Extrakten aus Schweizer Kamillenbl\u00fcten, Zinnkraut und Spitzwegerich.<\/p>\n","protected":false},"excerpt":{"rendered":"<p>Rausch Shampoo reinigt sanft und pflegt. Kr\u00e4ftigt und sch\u00fctzt die gesunde Kopfhaut und sch\u00f6nes Haar. Mit kostbaren Extrakten aus Schweizer Kamillenbl\u00fcten, Zinnkraut und Spitzwegerich.<\/p>\n","protected":false},"featured_media":24711,"template":"","meta":{"_acf_changed":false},"product_brand":[648],"product_cat":[808],"product_tag":[],"class_list":{"0":"post-24709","1":"product","2":"type-product","3":"status-publish","4":"has-post-thumbnail","6":"product_brand-rausch","7":"product_cat-r","8":"pa_farbe-gruen","9":"pa_packungsgroesse-200ml","10":"pa_packungsgroesse-40ml","12":"first","13":"instock","14":"shipping-taxable","15":"purchasable","16":"product-type-simple"},"acf":[],"_links":{"self":[{"href":"https:\/\/www.ernstbrunn-apotheke.at\/katalog\/wp-json\/wp\/v2\/product\/24709","targetHints":{"allow":["GET"]}}],"collection":[{"href":"https:\/\/www.ernstbrunn-apotheke.at\/katalog\/wp-json\/wp\/v2\/product"}],"about":[{"href":"https:\/\/www.ernstbrunn-apotheke.at\/katalog\/wp-json\/wp\/v2\/types\/product"}],"wp:featuredmedia":[{"embeddable":true,"href":"https:\/\/www.ernstbrunn-apotheke.at\/katalog\/wp-json\/wp\/v2\/media\/24711"}],"wp:attachment":[{"href":"https:\/\/www.ernstbrunn-apotheke.at\/katalog\/wp-json\/wp\/v2\/media?parent=24709"}],"wp:term":[{"taxonomy":"product_brand","embeddable":true,"href":"https:\/\/www.ernstbrunn-apotheke.at\/katalog\/wp-json\/wp\/v2\/product_brand?post=24709"},{"taxonomy":"product_cat","embeddable":true,"href":"https:\/\/www.ernstbrunn-apotheke.at\/katalog\/wp-json\/wp\/v2\/product_cat?post=24709"},{"taxonomy":"product_tag","embeddable":true,"href":"https:\/\/www.ernstbrunn-apotheke.at\/katalog\/wp-json\/wp\/v2\/product_tag?post=24709"}],"curies":[{"name":"wp","href":"https:\/\/api.w.org\/{rel}","templated":true}]}}