{"id":24675,"date":"2025-11-07T23:01:57","date_gmt":"2025-11-07T22:01:57","guid":{"rendered":"https:\/\/www.ernstbrunn-apotheke.at\/katalog\/produkt\/viva-skin-shampoo-200-ml\/"},"modified":"2025-12-08T14:42:17","modified_gmt":"2025-12-08T13:42:17","slug":"viva-skin-shampoo-200-ml","status":"publish","type":"product","link":"https:\/\/www.ernstbrunn-apotheke.at\/katalog\/produkt\/viva-skin-shampoo-200-ml\/","title":{"rendered":"Viva Skin Shampoo 200 ml"},"content":{"rendered":"<p>Durch die Verbindung der Vorz\u00fcge des fl\u00fcssigen Wachsesters mit nat\u00fcrlichem Jojoba-\u00d6l st\u00e4rkt und reinigt das VIVA SKIN Shampoo Ihr Haar gleichzeitig. Dieses milde Shampoo s\u00e4ubert Ihr Haar auf nat\u00fcrliche Weise. Nach dem Trocknen f\u00fchlt sich das Haar geschmeidig an, erh\u00e4lt einen sch\u00f6nen Glanz und gute K\u00e4mmbarkeit. VIVA SKIN Shampoo ist besonders geeignet f\u00fcr h\u00e4ufige Anwendung \u2013 auch bei trockenem Haar und trockener Kopfhaut..<\/p>\n","protected":false},"excerpt":{"rendered":"<p>Durch die Verbindung der Vorz\u00fcge des fl\u00fcssigen Wachsesters mit nat\u00fcrlichem Jojoba-\u00d6l st\u00e4rkt und reinigt das VIVA SKIN Shampoo Ihr Haar gleichzeitig. Dieses milde Shampoo s\u00e4ubert Ihr Haar auf nat\u00fcrliche Weise. Nach dem Trocknen f\u00fchlt sich das Haar geschmeidig an, erh\u00e4lt einen sch\u00f6nen Glanz und gute K\u00e4mmbarkeit. VIVA SKIN Shampoo ist besonders geeignet f\u00fcr h\u00e4ufige Anwendung [&hellip;]<\/p>\n","protected":false},"featured_media":24677,"template":"","meta":{"_acf_changed":false},"product_brand":[],"product_cat":[799],"product_tag":[],"class_list":{"0":"post-24675","1":"product","2":"type-product","3":"status-publish","4":"has-post-thumbnail","6":"product_cat-v","7":"pa_packungsgroesse-200ml","9":"first","10":"instock","11":"shipping-taxable","12":"purchasable","13":"product-type-simple"},"acf":[],"_links":{"self":[{"href":"https:\/\/www.ernstbrunn-apotheke.at\/katalog\/wp-json\/wp\/v2\/product\/24675","targetHints":{"allow":["GET"]}}],"collection":[{"href":"https:\/\/www.ernstbrunn-apotheke.at\/katalog\/wp-json\/wp\/v2\/product"}],"about":[{"href":"https:\/\/www.ernstbrunn-apotheke.at\/katalog\/wp-json\/wp\/v2\/types\/product"}],"wp:featuredmedia":[{"embeddable":true,"href":"https:\/\/www.ernstbrunn-apotheke.at\/katalog\/wp-json\/wp\/v2\/media\/24677"}],"wp:attachment":[{"href":"https:\/\/www.ernstbrunn-apotheke.at\/katalog\/wp-json\/wp\/v2\/media?parent=24675"}],"wp:term":[{"taxonomy":"product_brand","embeddable":true,"href":"https:\/\/www.ernstbrunn-apotheke.at\/katalog\/wp-json\/wp\/v2\/product_brand?post=24675"},{"taxonomy":"product_cat","embeddable":true,"href":"https:\/\/www.ernstbrunn-apotheke.at\/katalog\/wp-json\/wp\/v2\/product_cat?post=24675"},{"taxonomy":"product_tag","embeddable":true,"href":"https:\/\/www.ernstbrunn-apotheke.at\/katalog\/wp-json\/wp\/v2\/product_tag?post=24675"}],"curies":[{"name":"wp","href":"https:\/\/api.w.org\/{rel}","templated":true}]}}