{"id":24661,"date":"2025-11-07T23:01:57","date_gmt":"2025-11-07T22:01:57","guid":{"rendered":"https:\/\/www.ernstbrunn-apotheke.at\/katalog\/produkt\/linola-shampoo-200-ml\/"},"modified":"2025-12-08T14:42:09","modified_gmt":"2025-12-08T13:42:09","slug":"linola-shampoo-200-ml","status":"publish","type":"product","link":"https:\/\/www.ernstbrunn-apotheke.at\/katalog\/produkt\/linola-shampoo-200-ml\/","title":{"rendered":"Linola Shampoo 200 ml"},"content":{"rendered":"<p>Linola\u00ae Shampoo wurde speziell f\u00fcr trockene, empfindliche oder zu Neurodermitis neigende Kopfhaut entwickelt. Durch die spezielle Zusammensetzung der Wasch-Substanzen (z. B. auf Glucose-Basis) werden Kopfhaut und Haare besonders sanft und schonend gereinigt. Nat\u00fcrliche Feuchthalteregulatoren und Linols\u00e4ure wirken Trockenheit und Reizungen der Kopfhaut entgegen. Enth\u00e4lt keine Silikone, Farb-, Duft- und Konservierungsstoffe. Ohne Mikroplastik..<\/p>\n","protected":false},"excerpt":{"rendered":"<p>Linola\u00ae Shampoo wurde speziell f\u00fcr trockene, empfindliche oder zu Neurodermitis neigende Kopfhaut entwickelt. Durch die spezielle Zusammensetzung der Wasch-Substanzen (z. B. auf Glucose-Basis) werden Kopfhaut und Haare besonders sanft und schonend gereinigt. Nat\u00fcrliche Feuchthalteregulatoren und Linols\u00e4ure wirken Trockenheit und Reizungen der Kopfhaut entgegen. Enth\u00e4lt keine Silikone, Farb-, Duft- und Konservierungsstoffe. Ohne Mikroplastik..<\/p>\n","protected":false},"featured_media":24663,"template":"","meta":{"_acf_changed":false},"product_brand":[686],"product_cat":[795],"product_tag":[],"class_list":{"0":"post-24661","1":"product","2":"type-product","3":"status-publish","4":"has-post-thumbnail","6":"product_brand-linola","7":"product_cat-l","8":"pa_packungsgroesse-200ml","10":"first","11":"instock","12":"shipping-taxable","13":"purchasable","14":"product-type-simple"},"acf":[],"_links":{"self":[{"href":"https:\/\/www.ernstbrunn-apotheke.at\/katalog\/wp-json\/wp\/v2\/product\/24661","targetHints":{"allow":["GET"]}}],"collection":[{"href":"https:\/\/www.ernstbrunn-apotheke.at\/katalog\/wp-json\/wp\/v2\/product"}],"about":[{"href":"https:\/\/www.ernstbrunn-apotheke.at\/katalog\/wp-json\/wp\/v2\/types\/product"}],"wp:featuredmedia":[{"embeddable":true,"href":"https:\/\/www.ernstbrunn-apotheke.at\/katalog\/wp-json\/wp\/v2\/media\/24663"}],"wp:attachment":[{"href":"https:\/\/www.ernstbrunn-apotheke.at\/katalog\/wp-json\/wp\/v2\/media?parent=24661"}],"wp:term":[{"taxonomy":"product_brand","embeddable":true,"href":"https:\/\/www.ernstbrunn-apotheke.at\/katalog\/wp-json\/wp\/v2\/product_brand?post=24661"},{"taxonomy":"product_cat","embeddable":true,"href":"https:\/\/www.ernstbrunn-apotheke.at\/katalog\/wp-json\/wp\/v2\/product_cat?post=24661"},{"taxonomy":"product_tag","embeddable":true,"href":"https:\/\/www.ernstbrunn-apotheke.at\/katalog\/wp-json\/wp\/v2\/product_tag?post=24661"}],"curies":[{"name":"wp","href":"https:\/\/api.w.org\/{rel}","templated":true}]}}