{"id":24562,"date":"2025-11-07T23:00:41","date_gmt":"2025-11-07T22:00:41","guid":{"rendered":"https:\/\/www.ernstbrunn-apotheke.at\/katalog\/produkt\/vichy-dercos-anti-schuppen-shampoo-fuer-trockenes-haar\/"},"modified":"2025-12-08T14:41:51","modified_gmt":"2025-12-08T13:41:51","slug":"vichy-dercos-anti-schuppen-shampoo-fuer-trockenes-haar","status":"publish","type":"product","link":"https:\/\/www.ernstbrunn-apotheke.at\/katalog\/produkt\/vichy-dercos-anti-schuppen-shampoo-fuer-trockenes-haar\/","title":{"rendered":"Vichy DERCOS Anti-Schuppen-Shampoo f\u00fcr trockenes Haar"},"content":{"rendered":"<p>Wirkt bei trockenen Schuppen. L\u00e4sst das Haar gl\u00e4nzen und entspannt die Kopfhaut<\/p>\n","protected":false},"excerpt":{"rendered":"<p>Wirkt bei trockenen Schuppen. L\u00e4sst das Haar gl\u00e4nzen und entspannt die Kopfhaut<\/p>\n","protected":false},"featured_media":24564,"template":"","meta":{"_acf_changed":false},"product_brand":[675],"product_cat":[799],"product_tag":[],"class_list":{"0":"post-24562","1":"product","2":"type-product","3":"status-publish","4":"has-post-thumbnail","6":"product_brand-vichy","7":"product_cat-v","8":"pa_packungsgroesse-200ml","10":"first","11":"instock","12":"shipping-taxable","13":"purchasable","14":"product-type-simple"},"acf":[],"_links":{"self":[{"href":"https:\/\/www.ernstbrunn-apotheke.at\/katalog\/wp-json\/wp\/v2\/product\/24562","targetHints":{"allow":["GET"]}}],"collection":[{"href":"https:\/\/www.ernstbrunn-apotheke.at\/katalog\/wp-json\/wp\/v2\/product"}],"about":[{"href":"https:\/\/www.ernstbrunn-apotheke.at\/katalog\/wp-json\/wp\/v2\/types\/product"}],"wp:featuredmedia":[{"embeddable":true,"href":"https:\/\/www.ernstbrunn-apotheke.at\/katalog\/wp-json\/wp\/v2\/media\/24564"}],"wp:attachment":[{"href":"https:\/\/www.ernstbrunn-apotheke.at\/katalog\/wp-json\/wp\/v2\/media?parent=24562"}],"wp:term":[{"taxonomy":"product_brand","embeddable":true,"href":"https:\/\/www.ernstbrunn-apotheke.at\/katalog\/wp-json\/wp\/v2\/product_brand?post=24562"},{"taxonomy":"product_cat","embeddable":true,"href":"https:\/\/www.ernstbrunn-apotheke.at\/katalog\/wp-json\/wp\/v2\/product_cat?post=24562"},{"taxonomy":"product_tag","embeddable":true,"href":"https:\/\/www.ernstbrunn-apotheke.at\/katalog\/wp-json\/wp\/v2\/product_tag?post=24562"}],"curies":[{"name":"wp","href":"https:\/\/api.w.org\/{rel}","templated":true}]}}