{"id":24519,"date":"2025-11-07T22:59:40","date_gmt":"2025-11-07T21:59:40","guid":{"rendered":"https:\/\/www.ernstbrunn-apotheke.at\/katalog\/produkt\/la-roche-posay-kerium-extrem-mild-kopfhaut-schonendes-gel-shampoo-400-ml\/"},"modified":"2025-12-08T14:41:42","modified_gmt":"2025-12-08T13:41:42","slug":"la-roche-posay-kerium-extrem-mild-kopfhaut-schonendes-gel-shampoo-400-ml","status":"publish","type":"product","link":"https:\/\/www.ernstbrunn-apotheke.at\/katalog\/produkt\/la-roche-posay-kerium-extrem-mild-kopfhaut-schonendes-gel-shampoo-400-ml\/","title":{"rendered":"La Roche-Posay KERIUM extrem mild Kopfhaut-schonendes Gel-Shampoo 400 ml"},"content":{"rendered":"<p>La Roche-Posay KERIUM extrem mild Kopfhaut-schonendes Gel-Shampoo 400 ml ist ein Shampoo, das der Kopfhaut unmittelbar Erleichterung schenkt und sie langanhaltend bes\u00e4nftigt. F\u00fcr h\u00e4ufige Anwendung geeignet.<\/p>\n","protected":false},"excerpt":{"rendered":"<p>La Roche-Posay KERIUM extrem mild Kopfhaut-schonendes Gel-Shampoo 400 ml ist ein Shampoo, das der Kopfhaut unmittelbar Erleichterung schenkt und sie langanhaltend bes\u00e4nftigt. F\u00fcr h\u00e4ufige Anwendung geeignet.<\/p>\n","protected":false},"featured_media":24521,"template":"","meta":{"_acf_changed":false},"product_brand":[677],"product_cat":[795],"product_tag":[],"class_list":{"0":"post-24519","1":"product","2":"type-product","3":"status-publish","4":"has-post-thumbnail","6":"product_brand-la-roche-posay","7":"product_cat-l","8":"pa_packungsgroesse-200ml","9":"pa_packungsgroesse-400ml","11":"first","12":"instock","13":"shipping-taxable","14":"purchasable","15":"product-type-simple"},"acf":[],"_links":{"self":[{"href":"https:\/\/www.ernstbrunn-apotheke.at\/katalog\/wp-json\/wp\/v2\/product\/24519","targetHints":{"allow":["GET"]}}],"collection":[{"href":"https:\/\/www.ernstbrunn-apotheke.at\/katalog\/wp-json\/wp\/v2\/product"}],"about":[{"href":"https:\/\/www.ernstbrunn-apotheke.at\/katalog\/wp-json\/wp\/v2\/types\/product"}],"wp:featuredmedia":[{"embeddable":true,"href":"https:\/\/www.ernstbrunn-apotheke.at\/katalog\/wp-json\/wp\/v2\/media\/24521"}],"wp:attachment":[{"href":"https:\/\/www.ernstbrunn-apotheke.at\/katalog\/wp-json\/wp\/v2\/media?parent=24519"}],"wp:term":[{"taxonomy":"product_brand","embeddable":true,"href":"https:\/\/www.ernstbrunn-apotheke.at\/katalog\/wp-json\/wp\/v2\/product_brand?post=24519"},{"taxonomy":"product_cat","embeddable":true,"href":"https:\/\/www.ernstbrunn-apotheke.at\/katalog\/wp-json\/wp\/v2\/product_cat?post=24519"},{"taxonomy":"product_tag","embeddable":true,"href":"https:\/\/www.ernstbrunn-apotheke.at\/katalog\/wp-json\/wp\/v2\/product_tag?post=24519"}],"curies":[{"name":"wp","href":"https:\/\/api.w.org\/{rel}","templated":true}]}}