{"id":24509,"date":"2025-11-07T22:59:40","date_gmt":"2025-11-07T21:59:40","guid":{"rendered":"https:\/\/www.ernstbrunn-apotheke.at\/katalog\/produkt\/eucerin-dermo-capillaire-kopfhautberuhigendes-urea-shampoo\/"},"modified":"2025-12-08T14:41:38","modified_gmt":"2025-12-08T13:41:38","slug":"eucerin-dermo-capillaire-kopfhautberuhigendes-urea-shampoo","status":"publish","type":"product","link":"https:\/\/www.ernstbrunn-apotheke.at\/katalog\/produkt\/eucerin-dermo-capillaire-kopfhautberuhigendes-urea-shampoo\/","title":{"rendered":"Eucerin DERMO CAPILLAIRE Kopfhautberuhigendes Urea Shampoo"},"content":{"rendered":"<p>Eucerin DermoCapillaire Kopfhautberuhigendes Urea Shampoo wurde speziell f\u00fcr die trockene und juckende Kopfhaut entwickelt. Angereichert mit Urea und Lactat \u2013 zwei hauteigenen Feuchthaltefaktoren \u2013 gibt es Ihrer trockenen, juckenden Kopfhaut die n\u00e4hrende Pflege, die sie braucht.In Kombination mit DermoCapillaire Kopfhautberuhigendes Urea Intensiv-Tonikum wird die Kopfhaut beruhigt und von Trockenheit und Juckreiz befreit. Das Haar gl\u00e4nzt und erh\u00e4lt ein geschmeidiges Gef\u00fchl.<\/p>\n","protected":false},"excerpt":{"rendered":"<p>Eucerin DermoCapillaire Kopfhautberuhigendes Urea Shampoo wurde speziell f\u00fcr die trockene und juckende Kopfhaut entwickelt. Angereichert mit Urea und Lactat \u2013 zwei hauteigenen Feuchthaltefaktoren \u2013 gibt es Ihrer trockenen, juckenden Kopfhaut die n\u00e4hrende Pflege, die sie braucht.In Kombination mit DermoCapillaire Kopfhautberuhigendes Urea Intensiv-Tonikum wird die Kopfhaut beruhigt und von Trockenheit und Juckreiz befreit. Das Haar gl\u00e4nzt [&hellip;]<\/p>\n","protected":false},"featured_media":24511,"template":"","meta":{"_acf_changed":false},"product_brand":[334],"product_cat":[794],"product_tag":[],"class_list":{"0":"post-24509","1":"product","2":"type-product","3":"status-publish","4":"has-post-thumbnail","6":"product_brand-eucerin","7":"product_cat-e","8":"pa_packungsgroesse-500","10":"first","11":"instock","12":"shipping-taxable","13":"purchasable","14":"product-type-simple"},"acf":[],"_links":{"self":[{"href":"https:\/\/www.ernstbrunn-apotheke.at\/katalog\/wp-json\/wp\/v2\/product\/24509","targetHints":{"allow":["GET"]}}],"collection":[{"href":"https:\/\/www.ernstbrunn-apotheke.at\/katalog\/wp-json\/wp\/v2\/product"}],"about":[{"href":"https:\/\/www.ernstbrunn-apotheke.at\/katalog\/wp-json\/wp\/v2\/types\/product"}],"wp:featuredmedia":[{"embeddable":true,"href":"https:\/\/www.ernstbrunn-apotheke.at\/katalog\/wp-json\/wp\/v2\/media\/24511"}],"wp:attachment":[{"href":"https:\/\/www.ernstbrunn-apotheke.at\/katalog\/wp-json\/wp\/v2\/media?parent=24509"}],"wp:term":[{"taxonomy":"product_brand","embeddable":true,"href":"https:\/\/www.ernstbrunn-apotheke.at\/katalog\/wp-json\/wp\/v2\/product_brand?post=24509"},{"taxonomy":"product_cat","embeddable":true,"href":"https:\/\/www.ernstbrunn-apotheke.at\/katalog\/wp-json\/wp\/v2\/product_cat?post=24509"},{"taxonomy":"product_tag","embeddable":true,"href":"https:\/\/www.ernstbrunn-apotheke.at\/katalog\/wp-json\/wp\/v2\/product_tag?post=24509"}],"curies":[{"name":"wp","href":"https:\/\/api.w.org\/{rel}","templated":true}]}}