{"id":24457,"date":"2025-11-07T22:59:18","date_gmt":"2025-11-07T21:59:18","guid":{"rendered":"https:\/\/www.ernstbrunn-apotheke.at\/katalog\/produkt\/dr-hauschka-nachtserum-vitalisierende-nachtpflege-probepackung-25ml\/"},"modified":"2025-12-08T14:41:15","modified_gmt":"2025-12-08T13:41:15","slug":"dr-hauschka-nachtserum-vitalisierende-nachtpflege-probepackung-25ml","status":"publish","type":"product","link":"https:\/\/www.ernstbrunn-apotheke.at\/katalog\/produkt\/dr-hauschka-nachtserum-vitalisierende-nachtpflege-probepackung-25ml\/","title":{"rendered":"Dr. Hauschka NACHTSERUM vitalisierende Nachtpflege Probepackung &#8211; 2,5ml"},"content":{"rendered":"<p>Dr. Hauschka Gesichts Nachtserum l\u00e4sst die Haut frei atmen und regt ihre nat\u00fcrlichen Erneuerungsprozesse an. Es hilft der Haut, sich zu regenerieren und zur\u00fcck zu ihrem nat\u00fcrlichen Gleichgewicht zu finden. Die duftende Komposition mit Apfelbl\u00fcte und Apfelfrucht unterst\u00fctzt den Rhythmus der Haut und begleitet durch die Nacht. Erg\u00e4nzt durch Zaubernussauszug st\u00e4rkt sie jede Haut und l\u00e4sst sie am Morgen in neuer Frische strahlen.<\/p>\n","protected":false},"excerpt":{"rendered":"<p>Dr. Hauschka Gesichts Nachtserum l\u00e4sst die Haut frei atmen und regt ihre nat\u00fcrlichen Erneuerungsprozesse an. Es hilft der Haut, sich zu regenerieren und zur\u00fcck zu ihrem nat\u00fcrlichen Gleichgewicht zu finden. Die duftende Komposition mit Apfelbl\u00fcte und Apfelfrucht unterst\u00fctzt den Rhythmus der Haut und begleitet durch die Nacht. Erg\u00e4nzt durch Zaubernussauszug st\u00e4rkt sie jede Haut und [&hellip;]<\/p>\n","protected":false},"featured_media":24459,"template":"","meta":{"_acf_changed":false},"product_brand":[679],"product_cat":[792],"product_tag":[],"class_list":{"0":"post-24457","1":"product","2":"type-product","3":"status-publish","4":"has-post-thumbnail","6":"product_brand-dr-hauschka","7":"product_cat-d","8":"pa_packungsgroesse-2ml","10":"first","11":"instock","12":"shipping-taxable","13":"purchasable","14":"product-type-simple"},"acf":[],"_links":{"self":[{"href":"https:\/\/www.ernstbrunn-apotheke.at\/katalog\/wp-json\/wp\/v2\/product\/24457","targetHints":{"allow":["GET"]}}],"collection":[{"href":"https:\/\/www.ernstbrunn-apotheke.at\/katalog\/wp-json\/wp\/v2\/product"}],"about":[{"href":"https:\/\/www.ernstbrunn-apotheke.at\/katalog\/wp-json\/wp\/v2\/types\/product"}],"wp:featuredmedia":[{"embeddable":true,"href":"https:\/\/www.ernstbrunn-apotheke.at\/katalog\/wp-json\/wp\/v2\/media\/24459"}],"wp:attachment":[{"href":"https:\/\/www.ernstbrunn-apotheke.at\/katalog\/wp-json\/wp\/v2\/media?parent=24457"}],"wp:term":[{"taxonomy":"product_brand","embeddable":true,"href":"https:\/\/www.ernstbrunn-apotheke.at\/katalog\/wp-json\/wp\/v2\/product_brand?post=24457"},{"taxonomy":"product_cat","embeddable":true,"href":"https:\/\/www.ernstbrunn-apotheke.at\/katalog\/wp-json\/wp\/v2\/product_cat?post=24457"},{"taxonomy":"product_tag","embeddable":true,"href":"https:\/\/www.ernstbrunn-apotheke.at\/katalog\/wp-json\/wp\/v2\/product_tag?post=24457"}],"curies":[{"name":"wp","href":"https:\/\/api.w.org\/{rel}","templated":true}]}}