{"id":24424,"date":"2025-11-07T22:58:49","date_gmt":"2025-11-07T21:58:49","guid":{"rendered":"https:\/\/www.ernstbrunn-apotheke.at\/katalog\/produkt\/allergika-sensitive-duo-200-ml\/"},"modified":"2025-12-08T14:41:01","modified_gmt":"2025-12-08T13:41:01","slug":"allergika-sensitive-duo-200-ml","status":"publish","type":"product","link":"https:\/\/www.ernstbrunn-apotheke.at\/katalog\/produkt\/allergika-sensitive-duo-200-ml\/","title":{"rendered":"Allergika Sensitive Duo 200 ml"},"content":{"rendered":"<p>Allergika Sensitive Duo ist eine schnell einziehende, leicht k\u00fchlende K\u00f6rperlotion. Eine Wirkstoffkombination aus Glycerin und Polidocanol lindert schnell akuten Juckreiz und spendet intensiv Feuchtigkeit. Sorgf\u00e4ltig ausgew\u00e4hlte Inhaltsstoffe garantieren eine hervorragende Hautvertr\u00e4glichkeit auch bei sehr empfindlicher Haut. Ideal zur Basispflege bei juckenden Hauterkrankungen.<\/p>\n","protected":false},"excerpt":{"rendered":"<p>Allergika Sensitive Duo ist eine schnell einziehende, leicht k\u00fchlende K\u00f6rperlotion. Eine Wirkstoffkombination aus Glycerin und Polidocanol lindert schnell akuten Juckreiz und spendet intensiv Feuchtigkeit. Sorgf\u00e4ltig ausgew\u00e4hlte Inhaltsstoffe garantieren eine hervorragende Hautvertr\u00e4glichkeit auch bei sehr empfindlicher Haut. Ideal zur Basispflege bei juckenden Hauterkrankungen.<\/p>\n","protected":false},"featured_media":24426,"template":"","meta":{"_acf_changed":false},"product_brand":[396],"product_cat":[801],"product_tag":[],"class_list":{"0":"post-24424","1":"product","2":"type-product","3":"status-publish","4":"has-post-thumbnail","6":"product_brand-allergika","7":"product_cat-a","8":"pa_packungsgroesse-500","10":"first","11":"instock","12":"shipping-taxable","13":"purchasable","14":"product-type-simple"},"acf":[],"_links":{"self":[{"href":"https:\/\/www.ernstbrunn-apotheke.at\/katalog\/wp-json\/wp\/v2\/product\/24424","targetHints":{"allow":["GET"]}}],"collection":[{"href":"https:\/\/www.ernstbrunn-apotheke.at\/katalog\/wp-json\/wp\/v2\/product"}],"about":[{"href":"https:\/\/www.ernstbrunn-apotheke.at\/katalog\/wp-json\/wp\/v2\/types\/product"}],"wp:featuredmedia":[{"embeddable":true,"href":"https:\/\/www.ernstbrunn-apotheke.at\/katalog\/wp-json\/wp\/v2\/media\/24426"}],"wp:attachment":[{"href":"https:\/\/www.ernstbrunn-apotheke.at\/katalog\/wp-json\/wp\/v2\/media?parent=24424"}],"wp:term":[{"taxonomy":"product_brand","embeddable":true,"href":"https:\/\/www.ernstbrunn-apotheke.at\/katalog\/wp-json\/wp\/v2\/product_brand?post=24424"},{"taxonomy":"product_cat","embeddable":true,"href":"https:\/\/www.ernstbrunn-apotheke.at\/katalog\/wp-json\/wp\/v2\/product_cat?post=24424"},{"taxonomy":"product_tag","embeddable":true,"href":"https:\/\/www.ernstbrunn-apotheke.at\/katalog\/wp-json\/wp\/v2\/product_tag?post=24424"}],"curies":[{"name":"wp","href":"https:\/\/api.w.org\/{rel}","templated":true}]}}