{"id":24387,"date":"2025-11-07T22:58:02","date_gmt":"2025-11-07T21:58:02","guid":{"rendered":"https:\/\/www.ernstbrunn-apotheke.at\/katalog\/produkt\/haut-in-balance-hautrein-mineral-klaerende-reinigungscreme-150-ml\/"},"modified":"2025-12-08T14:40:39","modified_gmt":"2025-12-08T13:40:39","slug":"haut-in-balance-hautrein-mineral-klaerende-reinigungscreme-150-ml","status":"publish","type":"product","link":"https:\/\/www.ernstbrunn-apotheke.at\/katalog\/produkt\/haut-in-balance-hautrein-mineral-klaerende-reinigungscreme-150-ml\/","title":{"rendered":"Haut in Balance Hautrein Mineral Kl\u00e4rende Reinigungscreme 150 ml"},"content":{"rendered":"<p>Medipharma Cosmetics Oliven\u00f6l Haut in Balance Mineral Kl\u00e4rende Reinigungscreme befreit die Haut und die Poren wirksam von \u00fcbersch\u00fcssigem Fett und Verunreinigungen und hinterl\u00e4sst ein frisches Hautgef\u00fchl. Die Haut wird porentief gereinigt und der Entstehung von Pickeln und Mitessern wird so vorgebeugt.<\/p>\n","protected":false},"excerpt":{"rendered":"<p>Medipharma Cosmetics Oliven\u00f6l Haut in Balance Mineral Kl\u00e4rende Reinigungscreme befreit die Haut und die Poren wirksam von \u00fcbersch\u00fcssigem Fett und Verunreinigungen und hinterl\u00e4sst ein frisches Hautgef\u00fchl. Die Haut wird porentief gereinigt und der Entstehung von Pickeln und Mitessern wird so vorgebeugt.<\/p>\n","protected":false},"featured_media":24389,"template":"","meta":{"_acf_changed":false},"product_brand":[],"product_cat":[805],"product_tag":[],"class_list":{"0":"post-24387","1":"product","2":"type-product","3":"status-publish","4":"has-post-thumbnail","6":"product_cat-h","7":"pa_packungsgroesse-150ml","9":"first","10":"instock","11":"shipping-taxable","12":"purchasable","13":"product-type-simple"},"acf":[],"_links":{"self":[{"href":"https:\/\/www.ernstbrunn-apotheke.at\/katalog\/wp-json\/wp\/v2\/product\/24387","targetHints":{"allow":["GET"]}}],"collection":[{"href":"https:\/\/www.ernstbrunn-apotheke.at\/katalog\/wp-json\/wp\/v2\/product"}],"about":[{"href":"https:\/\/www.ernstbrunn-apotheke.at\/katalog\/wp-json\/wp\/v2\/types\/product"}],"wp:featuredmedia":[{"embeddable":true,"href":"https:\/\/www.ernstbrunn-apotheke.at\/katalog\/wp-json\/wp\/v2\/media\/24389"}],"wp:attachment":[{"href":"https:\/\/www.ernstbrunn-apotheke.at\/katalog\/wp-json\/wp\/v2\/media?parent=24387"}],"wp:term":[{"taxonomy":"product_brand","embeddable":true,"href":"https:\/\/www.ernstbrunn-apotheke.at\/katalog\/wp-json\/wp\/v2\/product_brand?post=24387"},{"taxonomy":"product_cat","embeddable":true,"href":"https:\/\/www.ernstbrunn-apotheke.at\/katalog\/wp-json\/wp\/v2\/product_cat?post=24387"},{"taxonomy":"product_tag","embeddable":true,"href":"https:\/\/www.ernstbrunn-apotheke.at\/katalog\/wp-json\/wp\/v2\/product_tag?post=24387"}],"curies":[{"name":"wp","href":"https:\/\/api.w.org\/{rel}","templated":true}]}}