{"id":24378,"date":"2025-11-07T22:58:02","date_gmt":"2025-11-07T21:58:02","guid":{"rendered":"https:\/\/www.ernstbrunn-apotheke.at\/katalog\/produkt\/bioface-aha-complex-8-fruchtsaeure-30-ml\/"},"modified":"2025-12-08T14:40:35","modified_gmt":"2025-12-08T13:40:35","slug":"bioface-aha-complex-8-fruchtsaeure-30-ml","status":"publish","type":"product","link":"https:\/\/www.ernstbrunn-apotheke.at\/katalog\/produkt\/bioface-aha-complex-8-fruchtsaeure-30-ml\/","title":{"rendered":"Bioface Aha Complex +8% Fruchts\u00e4ure 30 ml"},"content":{"rendered":"<p>Bioface Aha Complex +8% Fruchts\u00e4ure ist eine hochwirksame Hautpflege f\u00fcr trockene und zu Akne neigender Haut. Die erlesenen Fruchts\u00e4uren, hochwertige Radikalf\u00e4nger und wertvolle biologischen Stoffe in hohen Konzentrationen f\u00fcgen sich zu einem kompletten Hautpflegesystem f\u00fcr jeden Tag und jeden Hauttyp zusammen.<\/p>\n","protected":false},"excerpt":{"rendered":"<p>Bioface Aha Complex +8% Fruchts\u00e4ure ist eine hochwirksame Hautpflege f\u00fcr trockene und zu Akne neigender Haut. Die erlesenen Fruchts\u00e4uren, hochwertige Radikalf\u00e4nger und wertvolle biologischen Stoffe in hohen Konzentrationen f\u00fcgen sich zu einem kompletten Hautpflegesystem f\u00fcr jeden Tag und jeden Hauttyp zusammen.<\/p>\n","protected":false},"featured_media":24380,"template":"","meta":{"_acf_changed":false},"product_brand":[],"product_cat":[802],"product_tag":[],"class_list":{"0":"post-24378","1":"product","2":"type-product","3":"status-publish","4":"has-post-thumbnail","6":"product_cat-b","7":"pa_packungsgroesse-30ml","9":"first","10":"instock","11":"shipping-taxable","12":"purchasable","13":"product-type-simple"},"acf":[],"_links":{"self":[{"href":"https:\/\/www.ernstbrunn-apotheke.at\/katalog\/wp-json\/wp\/v2\/product\/24378","targetHints":{"allow":["GET"]}}],"collection":[{"href":"https:\/\/www.ernstbrunn-apotheke.at\/katalog\/wp-json\/wp\/v2\/product"}],"about":[{"href":"https:\/\/www.ernstbrunn-apotheke.at\/katalog\/wp-json\/wp\/v2\/types\/product"}],"wp:featuredmedia":[{"embeddable":true,"href":"https:\/\/www.ernstbrunn-apotheke.at\/katalog\/wp-json\/wp\/v2\/media\/24380"}],"wp:attachment":[{"href":"https:\/\/www.ernstbrunn-apotheke.at\/katalog\/wp-json\/wp\/v2\/media?parent=24378"}],"wp:term":[{"taxonomy":"product_brand","embeddable":true,"href":"https:\/\/www.ernstbrunn-apotheke.at\/katalog\/wp-json\/wp\/v2\/product_brand?post=24378"},{"taxonomy":"product_cat","embeddable":true,"href":"https:\/\/www.ernstbrunn-apotheke.at\/katalog\/wp-json\/wp\/v2\/product_cat?post=24378"},{"taxonomy":"product_tag","embeddable":true,"href":"https:\/\/www.ernstbrunn-apotheke.at\/katalog\/wp-json\/wp\/v2\/product_tag?post=24378"}],"curies":[{"name":"wp","href":"https:\/\/api.w.org\/{rel}","templated":true}]}}