{"id":24373,"date":"2025-11-07T22:58:02","date_gmt":"2025-11-07T21:58:02","guid":{"rendered":"https:\/\/www.ernstbrunn-apotheke.at\/katalog\/produkt\/novartis-sensitive-augenlifting-creme-30-ml\/"},"modified":"2025-12-08T14:40:32","modified_gmt":"2025-12-08T13:40:32","slug":"novartis-sensitive-augenlifting-creme-30-ml","status":"publish","type":"product","link":"https:\/\/www.ernstbrunn-apotheke.at\/katalog\/produkt\/novartis-sensitive-augenlifting-creme-30-ml\/","title":{"rendered":"Novartis Sensitive Augenlifting Creme 30 ml"},"content":{"rendered":"<p>Novartis \u00d6sterreich besteht aus drei Gesellschaften mit unterschiedlichen Schwerpunkten: Innovative, verschreibungspflichtige Medikamente, kosteng\u00fcnstige qualitativ hochwertige Generika und Biosimilars sowie ophthalmologische und augenchirurgische Produkte. Novartis bietet innovative medizinische L\u00f6sungen an, um damit auf die sich ver\u00e4ndernden Bed\u00fcrfnisse von Patienten und Gesellschaften einzugehen.<\/p>\n","protected":false},"excerpt":{"rendered":"<p>Novartis \u00d6sterreich besteht aus drei Gesellschaften mit unterschiedlichen Schwerpunkten: Innovative, verschreibungspflichtige Medikamente, kosteng\u00fcnstige qualitativ hochwertige Generika und Biosimilars sowie ophthalmologische und augenchirurgische Produkte. Novartis bietet innovative medizinische L\u00f6sungen an, um damit auf die sich ver\u00e4ndernden Bed\u00fcrfnisse von Patienten und Gesellschaften einzugehen.<\/p>\n","protected":false},"featured_media":0,"template":"","meta":{"_acf_changed":false},"product_brand":[],"product_cat":[797],"product_tag":[],"class_list":{"0":"post-24373","1":"product","2":"type-product","3":"status-publish","5":"product_cat-n","6":"pa_packungsgroesse-30ml","8":"first","9":"instock","10":"shipping-taxable","11":"purchasable","12":"product-type-simple"},"acf":[],"_links":{"self":[{"href":"https:\/\/www.ernstbrunn-apotheke.at\/katalog\/wp-json\/wp\/v2\/product\/24373","targetHints":{"allow":["GET"]}}],"collection":[{"href":"https:\/\/www.ernstbrunn-apotheke.at\/katalog\/wp-json\/wp\/v2\/product"}],"about":[{"href":"https:\/\/www.ernstbrunn-apotheke.at\/katalog\/wp-json\/wp\/v2\/types\/product"}],"wp:attachment":[{"href":"https:\/\/www.ernstbrunn-apotheke.at\/katalog\/wp-json\/wp\/v2\/media?parent=24373"}],"wp:term":[{"taxonomy":"product_brand","embeddable":true,"href":"https:\/\/www.ernstbrunn-apotheke.at\/katalog\/wp-json\/wp\/v2\/product_brand?post=24373"},{"taxonomy":"product_cat","embeddable":true,"href":"https:\/\/www.ernstbrunn-apotheke.at\/katalog\/wp-json\/wp\/v2\/product_cat?post=24373"},{"taxonomy":"product_tag","embeddable":true,"href":"https:\/\/www.ernstbrunn-apotheke.at\/katalog\/wp-json\/wp\/v2\/product_tag?post=24373"}],"curies":[{"name":"wp","href":"https:\/\/api.w.org\/{rel}","templated":true}]}}