{"id":24351,"date":"2025-11-07T22:57:36","date_gmt":"2025-11-07T21:57:36","guid":{"rendered":"https:\/\/www.ernstbrunn-apotheke.at\/katalog\/produkt\/neosino-premium-facelift-30-ml\/"},"modified":"2025-12-08T14:40:27","modified_gmt":"2025-12-08T13:40:27","slug":"neosino-premium-facelift-30-ml","status":"publish","type":"product","link":"https:\/\/www.ernstbrunn-apotheke.at\/katalog\/produkt\/neosino-premium-facelift-30-ml\/","title":{"rendered":"Neosino Premium Facelift 30 ml"},"content":{"rendered":"<p>Das neosino premium Face Lift \u00d6l unterst\u00fctzt bei Mimik- und Knitterfalten. Es wirkt straffend und festigend. Das neosino premium Face Lift \u00d6l kommt in einem Fl\u00e4schchen mit Pipette ist aber auch in praktischer Form eines Roll-On erh\u00e4ltlich. Es enth\u00e4lt keine Silikon\u00f6le oder Mineral\u00f6le und ist frei von Farbstoffen. Das \u00d6l wurde dermatologisch getestet. Neosino\u00ae, ein steirisches Unternehmen, entwickelt und vertreibt hochwertige Produkte, basierend auf Silicium, Magnesium und Calcium, welche durch ihre spezielle Technologie in der Zellerneuerung erfolgreich sind.<\/p>\n","protected":false},"excerpt":{"rendered":"<p>Das neosino premium Face Lift \u00d6l unterst\u00fctzt bei Mimik- und Knitterfalten. Es wirkt straffend und festigend. Das neosino premium Face Lift \u00d6l kommt in einem Fl\u00e4schchen mit Pipette ist aber auch in praktischer Form eines Roll-On erh\u00e4ltlich. Es enth\u00e4lt keine Silikon\u00f6le oder Mineral\u00f6le und ist frei von Farbstoffen. Das \u00d6l wurde dermatologisch getestet. Neosino\u00ae, ein [&hellip;]<\/p>\n","protected":false},"featured_media":24353,"template":"","meta":{"_acf_changed":false},"product_brand":[],"product_cat":[797],"product_tag":[],"class_list":{"0":"post-24351","1":"product","2":"type-product","3":"status-publish","4":"has-post-thumbnail","6":"product_cat-n","7":"pa_packungsgroesse-30ml","9":"first","10":"instock","11":"shipping-taxable","12":"purchasable","13":"product-type-simple"},"acf":[],"_links":{"self":[{"href":"https:\/\/www.ernstbrunn-apotheke.at\/katalog\/wp-json\/wp\/v2\/product\/24351","targetHints":{"allow":["GET"]}}],"collection":[{"href":"https:\/\/www.ernstbrunn-apotheke.at\/katalog\/wp-json\/wp\/v2\/product"}],"about":[{"href":"https:\/\/www.ernstbrunn-apotheke.at\/katalog\/wp-json\/wp\/v2\/types\/product"}],"wp:featuredmedia":[{"embeddable":true,"href":"https:\/\/www.ernstbrunn-apotheke.at\/katalog\/wp-json\/wp\/v2\/media\/24353"}],"wp:attachment":[{"href":"https:\/\/www.ernstbrunn-apotheke.at\/katalog\/wp-json\/wp\/v2\/media?parent=24351"}],"wp:term":[{"taxonomy":"product_brand","embeddable":true,"href":"https:\/\/www.ernstbrunn-apotheke.at\/katalog\/wp-json\/wp\/v2\/product_brand?post=24351"},{"taxonomy":"product_cat","embeddable":true,"href":"https:\/\/www.ernstbrunn-apotheke.at\/katalog\/wp-json\/wp\/v2\/product_cat?post=24351"},{"taxonomy":"product_tag","embeddable":true,"href":"https:\/\/www.ernstbrunn-apotheke.at\/katalog\/wp-json\/wp\/v2\/product_tag?post=24351"}],"curies":[{"name":"wp","href":"https:\/\/api.w.org\/{rel}","templated":true}]}}