{"id":24313,"date":"2025-11-07T22:56:53","date_gmt":"2025-11-07T21:56:53","guid":{"rendered":"https:\/\/www.ernstbrunn-apotheke.at\/katalog\/produkt\/fangocur-mineral-creme-30-ml-nr-5\/"},"modified":"2025-12-08T14:40:08","modified_gmt":"2025-12-08T13:40:08","slug":"fangocur-mineral-creme-30-ml-nr-5","status":"publish","type":"product","link":"https:\/\/www.ernstbrunn-apotheke.at\/katalog\/produkt\/fangocur-mineral-creme-30-ml-nr-5\/","title":{"rendered":"Fangocur Mineral Creme 30 ml Nr. 5"},"content":{"rendered":"<p>Fangocur Mineral Creme f\u00fchrt der Haut ausreichend Feuchtigkeit zu, wirkt ausgleichend, regenerierend und bek\u00e4mpft entz\u00fcndliche Prozesse.<\/p>\n","protected":false},"excerpt":{"rendered":"<p>Fangocur Mineral Creme f\u00fchrt der Haut ausreichend Feuchtigkeit zu, wirkt ausgleichend, regenerierend und bek\u00e4mpft entz\u00fcndliche Prozesse.<\/p>\n","protected":false},"featured_media":24315,"template":"","meta":{"_acf_changed":false},"product_brand":[],"product_cat":[809],"product_tag":[],"class_list":{"0":"post-24313","1":"product","2":"type-product","3":"status-publish","4":"has-post-thumbnail","6":"product_cat-f","7":"pa_packungsgroesse-30ml","9":"first","10":"instock","11":"shipping-taxable","12":"purchasable","13":"product-type-simple"},"acf":[],"_links":{"self":[{"href":"https:\/\/www.ernstbrunn-apotheke.at\/katalog\/wp-json\/wp\/v2\/product\/24313","targetHints":{"allow":["GET"]}}],"collection":[{"href":"https:\/\/www.ernstbrunn-apotheke.at\/katalog\/wp-json\/wp\/v2\/product"}],"about":[{"href":"https:\/\/www.ernstbrunn-apotheke.at\/katalog\/wp-json\/wp\/v2\/types\/product"}],"wp:featuredmedia":[{"embeddable":true,"href":"https:\/\/www.ernstbrunn-apotheke.at\/katalog\/wp-json\/wp\/v2\/media\/24315"}],"wp:attachment":[{"href":"https:\/\/www.ernstbrunn-apotheke.at\/katalog\/wp-json\/wp\/v2\/media?parent=24313"}],"wp:term":[{"taxonomy":"product_brand","embeddable":true,"href":"https:\/\/www.ernstbrunn-apotheke.at\/katalog\/wp-json\/wp\/v2\/product_brand?post=24313"},{"taxonomy":"product_cat","embeddable":true,"href":"https:\/\/www.ernstbrunn-apotheke.at\/katalog\/wp-json\/wp\/v2\/product_cat?post=24313"},{"taxonomy":"product_tag","embeddable":true,"href":"https:\/\/www.ernstbrunn-apotheke.at\/katalog\/wp-json\/wp\/v2\/product_tag?post=24313"}],"curies":[{"name":"wp","href":"https:\/\/api.w.org\/{rel}","templated":true}]}}