{"id":24245,"date":"2025-11-07T22:50:54","date_gmt":"2025-11-07T21:50:54","guid":{"rendered":"https:\/\/www.ernstbrunn-apotheke.at\/katalog\/produkt\/caudalie-vinexpert-compliments-alimentaires-kapseln\/"},"modified":"2025-12-08T14:39:41","modified_gmt":"2025-12-08T13:39:41","slug":"caudalie-vinexpert-compliments-alimentaires-kapseln","status":"publish","type":"product","link":"https:\/\/www.ernstbrunn-apotheke.at\/katalog\/produkt\/caudalie-vinexpert-compliments-alimentaires-kapseln\/","title":{"rendered":"Caudalie VINEXPERT COMPLIMENTS ALIMENTAIRES Kapseln"},"content":{"rendered":"<p>Caudalie Vinexpert Nahrungserg\u00e4nzung sind Kapseln, welche tief in der Haut f\u00fcr au\u00dfergew\u00f6hnliche sichtbare Ergebnisse bereits nach wenigen Wochen wirken. Falten werden gemildert, die Haut wird verdichtet, mit Feuchtigkeit besser versorgt und gegen freie Radikale gesch\u00fctzt. F\u00fcr devitalisierte und m\u00fcde Haut mit Falten und F\u00e4ltchen, fahlem Teint und zur Trockenheit neigender Haut.<\/p>\n","protected":false},"excerpt":{"rendered":"<p>Caudalie Vinexpert Nahrungserg\u00e4nzung sind Kapseln, welche tief in der Haut f\u00fcr au\u00dfergew\u00f6hnliche sichtbare Ergebnisse bereits nach wenigen Wochen wirken. Falten werden gemildert, die Haut wird verdichtet, mit Feuchtigkeit besser versorgt und gegen freie Radikale gesch\u00fctzt. F\u00fcr devitalisierte und m\u00fcde Haut mit Falten und F\u00e4ltchen, fahlem Teint und zur Trockenheit neigender Haut.<\/p>\n","protected":false},"featured_media":24247,"template":"","meta":{"_acf_changed":false},"product_brand":[687],"product_cat":[812],"product_tag":[],"class_list":{"0":"post-24245","1":"product","2":"type-product","3":"status-publish","4":"has-post-thumbnail","6":"product_brand-caudalie","7":"product_cat-c","8":"pa_packungsgroesse-30-stueck","10":"first","11":"instock","12":"shipping-taxable","13":"purchasable","14":"product-type-simple"},"acf":[],"_links":{"self":[{"href":"https:\/\/www.ernstbrunn-apotheke.at\/katalog\/wp-json\/wp\/v2\/product\/24245","targetHints":{"allow":["GET"]}}],"collection":[{"href":"https:\/\/www.ernstbrunn-apotheke.at\/katalog\/wp-json\/wp\/v2\/product"}],"about":[{"href":"https:\/\/www.ernstbrunn-apotheke.at\/katalog\/wp-json\/wp\/v2\/types\/product"}],"wp:featuredmedia":[{"embeddable":true,"href":"https:\/\/www.ernstbrunn-apotheke.at\/katalog\/wp-json\/wp\/v2\/media\/24247"}],"wp:attachment":[{"href":"https:\/\/www.ernstbrunn-apotheke.at\/katalog\/wp-json\/wp\/v2\/media?parent=24245"}],"wp:term":[{"taxonomy":"product_brand","embeddable":true,"href":"https:\/\/www.ernstbrunn-apotheke.at\/katalog\/wp-json\/wp\/v2\/product_brand?post=24245"},{"taxonomy":"product_cat","embeddable":true,"href":"https:\/\/www.ernstbrunn-apotheke.at\/katalog\/wp-json\/wp\/v2\/product_cat?post=24245"},{"taxonomy":"product_tag","embeddable":true,"href":"https:\/\/www.ernstbrunn-apotheke.at\/katalog\/wp-json\/wp\/v2\/product_tag?post=24245"}],"curies":[{"name":"wp","href":"https:\/\/api.w.org\/{rel}","templated":true}]}}